{"id":37,"date":"2025-09-25T14:28:36","date_gmt":"2025-09-25T12:28:36","guid":{"rendered":"https:\/\/www.andyva.com\/cennik\/"},"modified":"2026-02-25T13:10:35","modified_gmt":"2026-02-25T12:10:35","slug":"cennik","status":"publish","type":"page","link":"https:\/\/www.andyva.com\/hu\/cennik\/","title":{"rendered":"\u00c1rak"},"content":{"rendered":"<div class=\"wp-block-uagb-container uagb-block-2f1711bd alignfull uagb-is-root-container\"><div class=\"uagb-container-inner-blocks-wrap\">\n<div class=\"wp-block-uagb-advanced-heading uagb-block-475b936c\"><h1 class=\"uagb-heading-text\">\u00c1rak<\/h1><\/div>\n<\/div><\/div>\n\n\n\n<div class=\"inherit-container-width wp-block-group alignfull has-tertiary-background-color has-background is-layout-constrained wp-container-core-group-is-layout-fb85e995 wp-block-group-is-layout-constrained\" style=\"margin-top:0;margin-bottom:0;padding-top:var(--wp--preset--spacing--60);padding-right:var(--wp--preset--spacing--30);padding-bottom:var(--wp--preset--spacing--60);padding-left:var(--wp--preset--spacing--30)\">\n<div class=\"wp-block-columns alignwide is-layout-flex wp-container-core-columns-is-layout-658170e2 wp-block-columns-is-layout-flex\">\n<div class=\"wp-block-column is-layout-flow wp-block-column-is-layout-flow\">\n<div class=\"wp-block-group alignwide has-background-background-color has-background is-layout-constrained wp-container-core-group-is-layout-52009084 wp-block-group-is-layout-constrained\" style=\"border-radius:1rem;padding-top:var(--wp--preset--spacing--40);padding-right:var(--wp--preset--spacing--40);padding-bottom:var(--wp--preset--spacing--40);padding-left:var(--wp--preset--spacing--40)\">\n<div class=\"wp-block-group alignwide is-content-justification-left is-layout-constrained wp-container-core-group-is-layout-3c97d49d wp-block-group-is-layout-constrained\" style=\"margin-bottom:var(--wp--preset--spacing--50)\">\n<h2 class=\"wp-block-heading has-text-align-center has-ast-global-color-0-background-color has-background has-medium-font-size\" style=\"margin-right:0;margin-left:0\">Fedezze fel a hat\u00e9kony virtu\u00e1lis asszisztencia el\u0151nyeit<\/h2>\n\n\n\n<p class=\"has-text-align-center\" style=\"margin-top:16px\">Ismerje meg, hogyan n\u00f6velik szolg\u00e1ltat\u00e1saim a termel\u00e9kenys\u00e9get \u00e9s sp\u00f3rolj\u00e1k meg az idej\u00e9t.<\/p>\n<\/div>\n\n\n\n<div class=\"wp-block-group is-nowrap is-layout-flex wp-container-core-group-is-layout-501511a6 wp-block-group-is-layout-flex\">\n<figure class=\"wp-block-image size-large ext-aspect-landscape wp-duotone-varpresetduotoneprimary-foreground-1\"><img decoding=\"async\" src=\"data:image\/svg+xml;base64,PHN2ZyB4bWxucz0iaHR0cDovL3d3dy53My5vcmcvMjAwMC9zdmciIHdpZHRoPSI0OCIgaGVpZ2h0PSI0OCIgZmlsbD0ibm9uZSIgdmlld0JveD0iMCAwIDQ4IDQ4Ij48bWFzayBpZD0iYSIgd2lkdGg9IjQ4IiBoZWlnaHQ9IjQ4IiB4PSIwIiB5PSIwIiBtYXNrVW5pdHM9InVzZXJTcGFjZU9uVXNlIiBzdHlsZT0ibWFzay10eXBlOmFscGhhIj48cGF0aCBmaWxsPSIjRDlEOUQ5IiBkPSJNMCAwaDQ4djQ4SDB6Ii8+PC9tYXNrPjxnIG1hc2s9InVybCgjYSkiPjxwYXRoIGZpbGw9IiMxQzFCMUYiIGQ9Ik0yNCA0NGMtMi44MzMgMC01LjQ2Ny0uNTA4LTcuOS0xLjUyNS0yLjQzMy0xLjAxNy00LjU1LTIuNDI1LTYuMzUtNC4yMjUtMS44LTEuOC0zLjIwOC0zLjkxNy00LjIyNS02LjM1QzQuNTA4IDI5LjQ2NyA0IDI2LjgzMyA0IDI0YzAtMi44LjUwOC01LjQxNyAxLjUyNS03Ljg1UzcuOTUgMTEuNiA5Ljc1IDkuOGMxLjgtMS44IDMuOTE3LTMuMjE3IDYuMzUtNC4yNVMyMS4xNjcgNCAyNCA0YzIuNSAwIDQuODMzLjQgNyAxLjIgMi4xNjcuOCA0LjExNyAxLjkgNS44NSAzLjNsLTIuMTUgMi4xNWExNi43MzIgMTYuNzMyIDAgMCAwLTQuOS0yLjdDMjggNy4zMTcgMjYuMDY3IDcgMjQgN2MtNC44MzMgMC04Ljg3NSAxLjYyNS0xMi4xMjUgNC44NzVTNyAxOS4xNjcgNyAyNHMxLjYyNSA4Ljg3NSA0Ljg3NSAxMi4xMjVTMTkuMTY3IDQxIDI0IDQxczguODc1LTEuNjI1IDEyLjEyNS00Ljg3NVM0MSAyOC44MzMgNDEgMjRjMC0xLS4wNzUtMS45NzUtLjIyNS0yLjkyNS0uMTUtLjk1LS4zNzUtMS44NzUtLjY3NS0yLjc3NWwyLjMtMi4zYTE5LjEyMiAxOS4xMjIgMCAwIDEgMS4yIDMuODVjLjI2NyAxLjMzMy40IDIuNzE3LjQgNC4xNSAwIDIuODMzLS41MTcgNS40NjctMS41NSA3LjktMS4wMzMgMi40MzMtMi40NSA0LjU1LTQuMjUgNi4zNS0xLjggMS44LTMuOTE3IDMuMjA4LTYuMzUgNC4yMjVDMjkuNDE3IDQzLjQ5MiAyNi44IDQ0IDI0IDQ0Wm0tMi45NS0xMC45LTguMjUtOC4zIDIuMjUtMi4yNSA2IDYgMjAuNy0yMC43IDIuMyAyLjI1LTIzIDIzWiIvPjwvZz48L3N2Zz4=\" alt=\"\" style=\"object-fit:cover\"\/><\/figure>\n\n\n\n<div class=\"wp-block-group wp-container-content-958eb9dc is-layout-constrained wp-block-group-is-layout-constrained\">\n<h3 class=\"wp-block-heading\" style=\"font-size:20px;line-height:1.5\">Professzion\u00e1lis adminisztrat\u00edv t\u00e1mogat\u00e1s<\/h3>\n\n\n\n<p class=\"has-small-font-size\" style=\"margin-top:4px\">Id\u0151t takar\u00edtok meg \u00d6nnek e-mailek kezel\u00e9s\u00e9vel, tal\u00e1lkoz\u00f3k szervez\u00e9s\u00e9vel \u00e9s egy\u00e9b adminisztrat\u00edv feladatokkal, hogy \u00d6n az \u00fczlet n\u00f6veked\u00e9s\u00e9re koncentr\u00e1lhasson.<\/p>\n<\/div>\n<\/div>\n\n\n\n<div class=\"wp-block-group is-nowrap is-layout-flex wp-container-core-group-is-layout-501511a6 wp-block-group-is-layout-flex\">\n<figure class=\"wp-block-image size-large ext-aspect-landscape wp-duotone-varpresetduotoneprimary-foreground-2\"><img decoding=\"async\" src=\"data:image\/svg+xml;base64,PHN2ZyB4bWxucz0iaHR0cDovL3d3dy53My5vcmcvMjAwMC9zdmciIHdpZHRoPSI0OCIgaGVpZ2h0PSI0OCIgZmlsbD0ibm9uZSIgdmlld0JveD0iMCAwIDQ4IDQ4Ij48bWFzayBpZD0iYSIgd2lkdGg9IjQ4IiBoZWlnaHQ9IjQ4IiB4PSIwIiB5PSIwIiBtYXNrVW5pdHM9InVzZXJTcGFjZU9uVXNlIiBzdHlsZT0ibWFzay10eXBlOmFscGhhIj48cGF0aCBmaWxsPSIjRDlEOUQ5IiBkPSJNMCAwaDQ4djQ4SDB6Ii8+PC9tYXNrPjxnIG1hc2s9InVybCgjYSkiPjxwYXRoIGZpbGw9IiMxQzFCMUYiIGQ9Ik0yNCA0NGMtMi44MzMgMC01LjQ2Ny0uNTA4LTcuOS0xLjUyNS0yLjQzMy0xLjAxNy00LjU1LTIuNDI1LTYuMzUtNC4yMjUtMS44LTEuOC0zLjIwOC0zLjkxNy00LjIyNS02LjM1QzQuNTA4IDI5LjQ2NyA0IDI2LjgzMyA0IDI0YzAtMi44LjUwOC01LjQxNyAxLjUyNS03Ljg1UzcuOTUgMTEuNiA5Ljc1IDkuOGMxLjgtMS44IDMuOTE3LTMuMjE3IDYuMzUtNC4yNVMyMS4xNjcgNCAyNCA0YzIuNSAwIDQuODMzLjQgNyAxLjIgMi4xNjcuOCA0LjExNyAxLjkgNS44NSAzLjNsLTIuMTUgMi4xNWExNi43MzIgMTYuNzMyIDAgMCAwLTQuOS0yLjdDMjggNy4zMTcgMjYuMDY3IDcgMjQgN2MtNC44MzMgMC04Ljg3NSAxLjYyNS0xMi4xMjUgNC44NzVTNyAxOS4xNjcgNyAyNHMxLjYyNSA4Ljg3NSA0Ljg3NSAxMi4xMjVTMTkuMTY3IDQxIDI0IDQxczguODc1LTEuNjI1IDEyLjEyNS00Ljg3NVM0MSAyOC44MzMgNDEgMjRjMC0xLS4wNzUtMS45NzUtLjIyNS0yLjkyNS0uMTUtLjk1LS4zNzUtMS44NzUtLjY3NS0yLjc3NWwyLjMtMi4zYTE5LjEyMiAxOS4xMjIgMCAwIDEgMS4yIDMuODVjLjI2NyAxLjMzMy40IDIuNzE3LjQgNC4xNSAwIDIuODMzLS41MTcgNS40NjctMS41NSA3LjktMS4wMzMgMi40MzMtMi40NSA0LjU1LTQuMjUgNi4zNS0xLjggMS44LTMuOTE3IDMuMjA4LTYuMzUgNC4yMjVDMjkuNDE3IDQzLjQ5MiAyNi44IDQ0IDI0IDQ0Wm0tMi45NS0xMC45LTguMjUtOC4zIDIuMjUtMi4yNSA2IDYgMjAuNy0yMC43IDIuMyAyLjI1LTIzIDIzWiIvPjwvZz48L3N2Zz4=\" alt=\"\" style=\"object-fit:cover\"\/><\/figure>\n\n\n\n<div class=\"wp-block-group wp-container-content-958eb9dc is-layout-constrained wp-block-group-is-layout-constrained\">\n<h3 class=\"wp-block-heading\" style=\"font-size:20px;line-height:1.5\">K\u00f6z\u00f6ss\u00e9gi m\u00e9dia \u00e9s WordPress weboldal kezel\u00e9se<\/h3>\n\n\n\n<p class=\"has-small-font-size\" style=\"margin-top:4px\">Biztos\u00edtom a k\u00f6z\u00f6ss\u00e9gi m\u00e9dia kezel\u00e9s\u00e9t (bejegyz\u00e9sek k\u00e9sz\u00edt\u00e9se \u00e9s \u00fctemez\u00e9se, kommunik\u00e1ci\u00f3 az \u00fcgyfelekkel, Meta Business Suite haszn\u00e1lata) \u00e9s a WordPress weboldalon t\u00f6rt\u00e9n\u0151 tartalomkezel\u00e9st.<\/p>\n<\/div>\n<\/div>\n\n\n\n<div class=\"wp-block-group is-nowrap is-layout-flex wp-container-core-group-is-layout-501511a6 wp-block-group-is-layout-flex\">\n<figure class=\"wp-block-image size-large ext-aspect-landscape wp-duotone-varpresetduotoneprimary-foreground-3\"><img decoding=\"async\" src=\"data:image\/svg+xml;base64,PHN2ZyB4bWxucz0iaHR0cDovL3d3dy53My5vcmcvMjAwMC9zdmciIHdpZHRoPSI0OCIgaGVpZ2h0PSI0OCIgZmlsbD0ibm9uZSIgdmlld0JveD0iMCAwIDQ4IDQ4Ij48bWFzayBpZD0iYSIgd2lkdGg9IjQ4IiBoZWlnaHQ9IjQ4IiB4PSIwIiB5PSIwIiBtYXNrVW5pdHM9InVzZXJTcGFjZU9uVXNlIiBzdHlsZT0ibWFzay10eXBlOmFscGhhIj48cGF0aCBmaWxsPSIjRDlEOUQ5IiBkPSJNMCAwaDQ4djQ4SDB6Ii8+PC9tYXNrPjxnIG1hc2s9InVybCgjYSkiPjxwYXRoIGZpbGw9IiMxQzFCMUYiIGQ9Ik0yNCA0NGMtMi44MzMgMC01LjQ2Ny0uNTA4LTcuOS0xLjUyNS0yLjQzMy0xLjAxNy00LjU1LTIuNDI1LTYuMzUtNC4yMjUtMS44LTEuOC0zLjIwOC0zLjkxNy00LjIyNS02LjM1QzQuNTA4IDI5LjQ2NyA0IDI2LjgzMyA0IDI0YzAtMi44LjUwOC01LjQxNyAxLjUyNS03Ljg1UzcuOTUgMTEuNiA5Ljc1IDkuOGMxLjgtMS44IDMuOTE3LTMuMjE3IDYuMzUtNC4yNVMyMS4xNjcgNCAyNCA0YzIuNSAwIDQuODMzLjQgNyAxLjIgMi4xNjcuOCA0LjExNyAxLjkgNS44NSAzLjNsLTIuMTUgMi4xNWExNi43MzIgMTYuNzMyIDAgMCAwLTQuOS0yLjdDMjggNy4zMTcgMjYuMDY3IDcgMjQgN2MtNC44MzMgMC04Ljg3NSAxLjYyNS0xMi4xMjUgNC44NzVTNyAxOS4xNjcgNyAyNHMxLjYyNSA4Ljg3NSA0Ljg3NSAxMi4xMjVTMTkuMTY3IDQxIDI0IDQxczguODc1LTEuNjI1IDEyLjEyNS00Ljg3NVM0MSAyOC44MzMgNDEgMjRjMC0xLS4wNzUtMS45NzUtLjIyNS0yLjkyNS0uMTUtLjk1LS4zNzUtMS44NzUtLjY3NS0yLjc3NWwyLjMtMi4zYTE5LjEyMiAxOS4xMjIgMCAwIDEgMS4yIDMuODVjLjI2NyAxLjMzMy40IDIuNzE3LjQgNC4xNSAwIDIuODMzLS41MTcgNS40NjctMS41NSA3LjktMS4wMzMgMi40MzMtMi40NSA0LjU1LTQuMjUgNi4zNS0xLjggMS44LTMuOTE3IDMuMjA4LTYuMzUgNC4yMjVDMjkuNDE3IDQzLjQ5MiAyNi44IDQ0IDI0IDQ0Wm0tMi45NS0xMC45LTguMjUtOC4zIDIuMjUtMi4yNSA2IDYgMjAuNy0yMC43IDIuMyAyLjI1LTIzIDIzWiIvPjwvZz48L3N2Zz4=\" alt=\"\" style=\"object-fit:cover\"\/><\/figure>\n\n\n\n<div class=\"wp-block-group wp-container-content-958eb9dc is-layout-constrained wp-block-group-is-layout-constrained\">\n<h3 class=\"wp-block-heading\" style=\"font-size:20px;line-height:1.5\">Rugalmas \u00e9s testreszabott szolg\u00e1ltat\u00e1sok<\/h3>\n\n\n\n<p class=\"has-small-font-size\" style=\"margin-top:4px\">Alkalmazkodom az \u00d6n ig\u00e9nyeihez, \u00e9s olyan megold\u00e1sokat k\u00edn\u00e1lok, amelyek t\u00e1mogatj\u00e1k az \u00d6n hat\u00e9konys\u00e1g\u00e1t, f\u00fcggetlen\u00fcl v\u00e1llalkoz\u00e1sa m\u00e9ret\u00e9t\u0151l vagy tev\u00e9kenys\u00e9gi ter\u00fclet\u00e9t\u0151l.<\/p>\n<\/div>\n<\/div>\n\n\n\n<div class=\"wp-block-buttons is-content-justification-left is-layout-flex wp-container-core-buttons-is-layout-e71dbd94 wp-block-buttons-is-layout-flex\" style=\"margin-top:var(--wp--preset--spacing--50)\"><\/div>\n<\/div>\n<\/div>\n\n\n\n<div class=\"wp-block-column is-layout-flow wp-block-column-is-layout-flow\">\n<figure class=\"wp-block-image size-large is-style-rounded wp-duotone-unset-4\" style=\"margin-top:var(--wp--preset--spacing--80);margin-right:0;margin-bottom:var(--wp--preset--spacing--80);margin-left:0\"><img loading=\"lazy\" decoding=\"async\" width=\"1024\" height=\"683\" src=\"https:\/\/www.andyva.com\/wp-content\/uploads\/2025\/09\/unnamed-1024x683.jpg\" alt=\"\" class=\"wp-image-123\" srcset=\"https:\/\/www.andyva.com\/wp-content\/uploads\/2025\/09\/unnamed-1024x683.jpg 1024w, https:\/\/www.andyva.com\/wp-content\/uploads\/2025\/09\/unnamed-300x200.jpg 300w, https:\/\/www.andyva.com\/wp-content\/uploads\/2025\/09\/unnamed-768x512.jpg 768w, https:\/\/www.andyva.com\/wp-content\/uploads\/2025\/09\/unnamed-1536x1024.jpg 1536w, https:\/\/www.andyva.com\/wp-content\/uploads\/2025\/09\/unnamed-2048x1365.jpg 2048w, https:\/\/www.andyva.com\/wp-content\/uploads\/2025\/09\/unnamed-18x12.jpg 18w\" sizes=\"auto, (max-width: 1024px) 100vw, 1024px\" \/><\/figure>\n<\/div>\n<\/div>\n<\/div>\n\n\n\n<div class=\"wp-block-uagb-advanced-heading uagb-block-42519e28\"><h1 class=\"uagb-heading-text\">\u00c1raj\u00e1nlat<\/h1><\/div>\n\n\n\n<p><\/p>\n\n\n\n<p class=\"has-text-align-center has-ast-global-color-8-color has-text-color has-link-color has-medium-font-size wp-elements-b62f9ecd9b337c741bfce24ca13b296f\" style=\"font-style:italic;font-weight:400\">Rugalmas szolg\u00e1ltat\u00e1scsomagokat k\u00edn\u00e1lok, amelyek lehet\u0151v\u00e9 teszik, hogy az egy\u00fcttm\u0171k\u00f6d\u00e9s terjedelm\u00e9t az \u00d6n ig\u00e9nyeihez \u00e9s k\u00f6lts\u00e9gvet\u00e9s\u00e9hez igaz\u00edtsa. A csomagok \u00e1ra t\u00e1j\u00e9koztat\u00f3 jelleg\u0171, \u00e9s egyedi meg\u00e1llapod\u00e1s alapj\u00e1n m\u00f3dos\u00edthat\u00f3. Egy\u00e9ni \u00e1rk\u00edn\u00e1lat\u00e9rt k\u00e9rem, vegye fel velem a kapcsolatot.<\/p>\n\n\n\n<p class=\"has-ast-global-color-0-background-color has-background\"><strong>\u00d3rad\u00edj<\/strong> &#8211; <strong>Egyszeri feladatok \/ rugalmas egy\u00fcttm\u0171k\u00f6d\u00e9s:<\/strong>: <strong>15 \u20ac \/ \u00f3ra<\/strong><\/p>\n\n\n\n<div class=\"wp-block-uagb-container uagb-block-c5bf107c alignfull uagb-is-root-container\"><div class=\"uagb-container-inner-blocks-wrap\">\n<div class=\"wp-block-columns alignwide is-layout-flex wp-container-core-columns-is-layout-d2da2050 wp-block-columns-is-layout-flex\" style=\"margin-bottom:0\">\n<div class=\"wp-block-column has-cyan-bluish-gray-background-color has-text-color has-background has-link-color wp-elements-5aaf0f1b62ba10acf638173c0a0ccf00 is-layout-flow wp-block-column-is-layout-flow\" style=\"color:#000000;padding-top:2em;padding-right:2em;padding-bottom:2em;padding-left:2em\">\n<h2 class=\"wp-block-heading\" id=\"single\" style=\"font-size:40px\"><strong>Alap<\/strong><\/h2>\n\n\n\n<p style=\"font-size:15px;line-height:1.5\"><strong>Kisv\u00e1llalkoz\u00e1soknak, kisebb munkamennyis\u00e9g eset\u00e9n vagy pr\u00f3ba jelleg\u0171 egy\u00fcttm\u0171k\u00f6d\u00e9shez<\/strong><\/p>\n\n\n\n<hr class=\"wp-block-separator has-text-color has-css-opacity has-background is-style-wide\" style=\"background-color:#000000;color:#000000\"\/>\n\n\n\n<p>Ide\u00e1lis kisv\u00e1llalkoz\u00e1sok vagy v\u00e1llalkoz\u00f3k sz\u00e1m\u00e1ra, akik alkalmank\u00e9nti t\u00e1mogat\u00e1sra szorulnak. <\/p>\n\n\n\n<p>\u00d6sszesen<strong> 5 \u00f3ra<\/strong> havonta adminisztr\u00e1ci\u00f3ra, e-mailek kezel\u00e9s\u00e9re vagy egyszer\u0171 feladatokra.<\/p>\n\n\n\n<p>Ez egy nagyszer\u0171 m\u00f3dja annak, hogy kipr\u00f3b\u00e1lja az egy\u00fcttm\u0171k\u00f6d\u00e9st egy virtu\u00e1lis asszisztenssel nagy elk\u00f6telez\u0151d\u00e9s n\u00e9lk\u00fcl.<\/p>\n\n\n\n<div class=\"wp-block-buttons alignfull is-horizontal is-content-justification-center is-layout-flex wp-container-core-buttons-is-layout-03627597 wp-block-buttons-is-layout-flex\">\n<div class=\"wp-block-button has-custom-width wp-block-button__width-100\"><a class=\"wp-block-button__link has-white-color has-text-color has-background no-border-radius wp-element-button\" style=\"background-color:#000000\">100 <em>\u20ac<\/em> \/5 \u00f3ra<\/a><\/div>\n<\/div>\n<\/div>\n\n\n\n<div class=\"wp-block-column has-ast-global-color-0-background-color has-text-color has-background has-link-color wp-elements-347d6340e90333e73643d6dfe2c527e8 is-layout-flow wp-block-column-is-layout-flow\" style=\"color:#000000;padding-top:2em;padding-right:2em;padding-bottom:2em;padding-left:2em\">\n<h2 class=\"wp-block-heading\" id=\"family\" style=\"font-size:40px\"><strong>Standard<\/strong><\/h2>\n\n\n\n<p style=\"font-size:15px;line-height:1.5\"><strong>Rendszeres adminisztrat\u00edv t\u00e1mogat\u00e1s havi 15 \u00f3ra alapon<\/strong><\/p>\n\n\n\n<hr class=\"wp-block-separator has-css-opacity is-style-wide\"\/>\n\n\n\n<p>Alkalmas v\u00e1llalkoz\u00f3k sz\u00e1m\u00e1ra, akik rendszeres adminisztrat\u00edv t\u00e1mogat\u00e1sra szorulnak.<\/p>\n\n\n\n<p><strong>15 \u00f3r\u00e1ban<\/strong> havonta seg\u00edtek a napt\u00e1r, az e-mailek kezel\u00e9s\u00e9ben \u00e9s a vev\u0151kkel val\u00f3 kommunik\u00e1ci\u00f3ban.<\/p>\n\n\n\n<p>\u00cdgy felszabad\u00edtja az idej\u00e9t, \u00e9s a v\u00e1llalkoz\u00e1sa n\u00f6veked\u00e9s\u00e9re koncentr\u00e1lhat.<\/p>\n\n\n\n<div class=\"wp-block-buttons alignfull is-horizontal is-content-justification-center is-layout-flex wp-container-core-buttons-is-layout-03627597 wp-block-buttons-is-layout-flex\">\n<div class=\"wp-block-button has-custom-width wp-block-button__width-100 is-style-fill\"><a class=\"wp-block-button__link has-white-color has-text-color has-background no-border-radius wp-element-button\" style=\"background-color:#000000\">210 <em>\u20ac<\/em> \/15 \u00f3ra<\/a><\/div>\n<\/div>\n<\/div>\n\n\n\n<div class=\"wp-block-column has-ast-global-color-5-background-color has-text-color has-background has-link-color wp-elements-deefc7fda5e9f6f45ea377c8256deaa4 is-layout-flow wp-block-column-is-layout-flow\" style=\"color:#000000;padding-top:2em;padding-right:2em;padding-bottom:2em;padding-left:2em\">\n<h2 class=\"wp-block-heading\" id=\"patron\" style=\"font-size:40px\"><strong>Pr\u00e9mium<\/strong><\/h2>\n\n\n\n<p style=\"font-size:15px\"><strong>Komplex t\u00e1mogat\u00e1s, nyelvi asszisztencia,<\/strong>, <strong>vagy hossz\u00fa t\u00e1v\u00fa egy\u00fcttm\u0171k\u00f6d\u00e9s<\/strong><\/p>\n\n\n\n<hr class=\"wp-block-separator has-css-opacity is-style-wide\"\/>\n\n\n\n<p>Olyan v\u00e1llalatok sz\u00e1m\u00e1ra k\u00e9sz\u00fclt, amelyek komplexebb \u00e9s intenz\u00edvebb t\u00e1mogat\u00e1sra szorulnak. <\/p>\n\n\n\n<p>\u00d6sszesen <strong>30 \u00f3r\u00e1ban<\/strong> havonta, amikor gondoskodom a szervez\u00e9sr\u0151l, a nyelvi kommunik\u00e1ci\u00f3r\u00f3l \u00e9s a bonyolultabb feladatokr\u00f3l is<\/p>\n\n\n\n<p>Ide\u00e1lis megold\u00e1s hossz\u00fa t\u00e1v\u00fa egy\u00fcttm\u0171k\u00f6d\u00e9sre \u00e9s v\u00e1llalkoz\u00e1sa stabil t\u00e1mogat\u00e1s\u00e1ra.<\/p>\n\n\n\n<div class=\"wp-block-buttons alignfull is-horizontal is-content-justification-center is-layout-flex wp-container-core-buttons-is-layout-03627597 wp-block-buttons-is-layout-flex\">\n<div class=\"wp-block-button has-custom-width wp-block-button__width-100\"><a class=\"wp-block-button__link has-white-color has-text-color has-background no-border-radius wp-element-button\" style=\"background-color:#000000\">450 <em>\u20ac<\/em> \/30 \u00f3ra<\/a><\/div>\n<\/div>\n<\/div>\n<\/div>\n<\/div><\/div>\n\n\n\n<p><\/p>","protected":false},"excerpt":{"rendered":"<p>Cenn\u00edk Objavte pr\u00ednosy efekt\u00edvnej virtu\u00e1lnej asistencie. Z\u00edskajte preh\u013ead o tom, ako moje slu\u017eby zvy\u0161uj\u00fa produktivitu a \u0161etria v\u00e1\u0161 \u010das. Profesion\u00e1lna [&hellip;]<\/p>","protected":false},"author":1,"featured_media":0,"parent":0,"menu_order":4,"comment_status":"closed","ping_status":"closed","template":"","meta":{"_uag_custom_page_level_css":"","site-sidebar-layout":"default","site-content-layout":"","ast-site-content-layout":"default","site-content-style":"default","site-sidebar-style":"default","ast-global-header-display":"","ast-banner-title-visibility":"","ast-main-header-display":"","ast-hfb-above-header-display":"","ast-hfb-below-header-display":"","ast-hfb-mobile-header-display":"","site-post-title":"disabled","ast-breadcrumbs-content":"","ast-featured-img":"","footer-sml-layout":"","theme-transparent-header-meta":"","adv-header-id-meta":"","stick-header-meta":"","header-above-stick-meta":"","header-main-stick-meta":"","header-below-stick-meta":"","astra-migrate-meta-layouts":"default","ast-page-background-enabled":"default","ast-page-background-meta":{"desktop":{"background-color":"var(--ast-global-color-5)","background-image":"","background-repeat":"repeat","background-position":"center center","background-size":"auto","background-attachment":"scroll","background-type":"","background-media":"","overlay-type":"","overlay-color":"","overlay-opacity":"","overlay-gradient":""},"tablet":{"background-color":"","background-image":"","background-repeat":"repeat","background-position":"center center","background-size":"auto","background-attachment":"scroll","background-type":"","background-media":"","overlay-type":"","overlay-color":"","overlay-opacity":"","overlay-gradient":""},"mobile":{"background-color":"","background-image":"","background-repeat":"repeat","background-position":"center center","background-size":"auto","background-attachment":"scroll","background-type":"","background-media":"","overlay-type":"","overlay-color":"","overlay-opacity":"","overlay-gradient":""}},"ast-content-background-meta":{"desktop":{"background-color":"var(--ast-global-color-4)","background-image":"","background-repeat":"repeat","background-position":"center center","background-size":"auto","background-attachment":"scroll","background-type":"","background-media":"","overlay-type":"","overlay-color":"","overlay-opacity":"","overlay-gradient":""},"tablet":{"background-color":"var(--ast-global-color-4)","background-image":"","background-repeat":"repeat","background-position":"center center","background-size":"auto","background-attachment":"scroll","background-type":"","background-media":"","overlay-type":"","overlay-color":"","overlay-opacity":"","overlay-gradient":""},"mobile":{"background-color":"var(--ast-global-color-4)","background-image":"","background-repeat":"repeat","background-position":"center center","background-size":"auto","background-attachment":"scroll","background-type":"","background-media":"","overlay-type":"","overlay-color":"","overlay-opacity":"","overlay-gradient":""}},"footnotes":""},"class_list":["post-37","page","type-page","status-publish","hentry"],"aioseo_notices":[],"uagb_featured_image_src":{"full":false,"thumbnail":false,"medium":false,"medium_large":false,"large":false,"1536x1536":false,"2048x2048":false,"trp-custom-language-flag":false},"uagb_author_info":{"display_name":"andyva","author_link":"https:\/\/www.andyva.com\/hu\/author\/andyva\/"},"uagb_comment_info":0,"uagb_excerpt":"Cenn\u00edk Objavte pr\u00ednosy efekt\u00edvnej virtu\u00e1lnej asistencie. Z\u00edskajte preh\u013ead o tom, ako moje slu\u017eby zvy\u0161uj\u00fa produktivitu a \u0161etria v\u00e1\u0161 \u010das. Profesion\u00e1lna [&hellip;]","_links":{"self":[{"href":"https:\/\/www.andyva.com\/hu\/wp-json\/wp\/v2\/pages\/37","targetHints":{"allow":["GET"]}}],"collection":[{"href":"https:\/\/www.andyva.com\/hu\/wp-json\/wp\/v2\/pages"}],"about":[{"href":"https:\/\/www.andyva.com\/hu\/wp-json\/wp\/v2\/types\/page"}],"author":[{"embeddable":true,"href":"https:\/\/www.andyva.com\/hu\/wp-json\/wp\/v2\/users\/1"}],"replies":[{"embeddable":true,"href":"https:\/\/www.andyva.com\/hu\/wp-json\/wp\/v2\/comments?post=37"}],"version-history":[{"count":22,"href":"https:\/\/www.andyva.com\/hu\/wp-json\/wp\/v2\/pages\/37\/revisions"}],"predecessor-version":[{"id":711,"href":"https:\/\/www.andyva.com\/hu\/wp-json\/wp\/v2\/pages\/37\/revisions\/711"}],"wp:attachment":[{"href":"https:\/\/www.andyva.com\/hu\/wp-json\/wp\/v2\/media?parent=37"}],"curies":[{"name":"wp","href":"https:\/\/api.w.org\/{rel}","templated":true}]}}