{"id":36,"date":"2025-09-25T14:28:36","date_gmt":"2025-09-25T12:28:36","guid":{"rendered":"https:\/\/www.andyva.com\/o-nas\/"},"modified":"2025-10-16T13:08:35","modified_gmt":"2025-10-16T11:08:35","slug":"o-mne","status":"publish","type":"page","link":"https:\/\/www.andyva.com\/hu\/o-mne\/","title":{"rendered":"R\u00f3lam"},"content":{"rendered":"<p><\/p>\n\n\n\n<div class=\"wp-block-uagb-container uagb-block-0c27c321 alignfull uagb-is-root-container\"><div class=\"uagb-container-inner-blocks-wrap\">\n<div class=\"wp-block-uagb-advanced-heading uagb-block-c94ea722\"><h2 class=\"uagb-heading-text\">R\u00f3lam <\/h2><\/div>\n<\/div><\/div>\n\n\n\n<div class=\"wp-block-uagb-container uagb-block-a7700b19 alignfull uagb-is-root-container\"><div class=\"uagb-container-inner-blocks-wrap\"><\/div><\/div>\n\n\n\n<div class=\"wp-block-uagb-container uagb-block-bc68048a alignfull uagb-is-root-container\"><div class=\"uagb-container-inner-blocks-wrap\">\n<div class=\"wp-block-uagb-container uagb-block-b831eeeb\">\n<div class=\"wp-block-uagb-info-box uagb-block-8eebb271 uagb-infobox__content-wrap  uagb-infobox-icon-above-title uagb-infobox-image-valign-top wp-block-uagb-info-box--has-margin\"><div class=\"uagb-infobox-margin-wrapper\"><div class=\"uagb-ifb-content\"><div class=\"uagb-ifb-title-wrap\"><h2 class=\"uagb-ifb-title\">Mgr. Andrea Dzurjakov\u00e1<\/h2><\/div><p class=\"uagb-ifb-desc\"><strong>Virtu\u00e1lis asszisztensk\u00e9nt<\/strong> 2023 \u0151sz\u00e9t\u0151l foglalkozom, amikor sikeresen elv\u00e9geztem egy VA k\u00e9szs\u00e9gfejleszt\u0151 tanfolyamot. Ezt a k\u00e9pz\u00e9st az\u00e9rt v\u00e1lasztottam, hogy kieg\u00e9sz\u00edtsem adminisztrat\u00edv tapasztalataimat, \u00e9s \u00faj ismeretekre tegyek szert az online vil\u00e1gban.<br>Az \u201eoffline\u201d vil\u00e1gb\u00f3l az \u201eonline\u201d t\u00e9rbe val\u00f3 \u00e1t\u00e1ll\u00e1s sz\u00e1momra szinte \u00e1lomszer\u0171 volt, hiszen \u00edgy egyszerre lehetek jelen a munk\u00e1ban \u00e9s a csal\u00e1dom \u00e9let\u00e9ben is.<br><br>Tapasztalataimat v\u00e1llalkoz\u00f3k \u00e9s c\u00e9gek t\u00e1mogat\u00e1s\u00e1ban kamatoztatom, seg\u00edtve \u0151ket az id\u0151- \u00e9s energiarabl\u00f3 feladatok elv\u00e9gz\u00e9s\u00e9ben, valamint abban, hogy sikeresen \u00e9rv\u00e9nyes\u00fcljenek a nemzetk\u00f6zi piacon.<br><br>Amikor van <strong>szabadid\u0151m<\/strong>, els\u0151sorban a csal\u00e1dommal t\u00f6lt\u00f6m az id\u0151t: szeret\u00fcnk kir\u00e1ndulni, kincseket keresni a term\u00e9szetben, t\u00e1rsasozni, vagy s\u00e9t\u00e1ltatni a kuty\u00e1nkat. Amikor pedig felt\u00f6lt\u0151dni, kitiszt\u00edtani a fejem \u00e9s egy kicsit egyed\u00fcl lenni szeretn\u00e9k, sz\u00edvesen olvasok szem\u00e9lyis\u00e9gfejleszt\u0151 k\u00f6nyveket, ugr\u00e1lok a trambulinon vagy futok.<br><br>A virtu\u00e1lis asszisztencia lehet\u0151v\u00e9 teszi sz\u00e1momra, hogy azt tegyem, amit szeretek: hasznos legyek, kommunik\u00e1ljak, \u00f6sszekapcsoljak \u00e9s seg\u00edtsek m\u00e1soknak.<\/p><\/div><\/div><\/div>\n\n\n\n<div class=\"wp-block-uagb-social-share uagb-social-share__outer-wrap uagb-social-share__layout-horizontal uagb-block-d4f6b8d0\">\n<div class=\"wp-block-uagb-social-share-child uagb-ss-repeater uagb-ss__wrapper uagb-block-3ee73e35\"><span class=\"uagb-ss__link\" data-href=\"https:\/\/twitter.com\/share?url=\" tabindex=\"0\" role=\"button\" aria-label=\"twitter\"><span class=\"uagb-ss__source-wrap\"><span class=\"uagb-ss__source-icon\"><svg xmlns=\"https:\/\/www.w3.org\/2000\/svg\" viewbox=\"0 0 448 512\"><path d=\"M224 202.7A53.34 53.34 0 1 0 277.4 256 53.38 53.38 0 0 0 224 202.7zm124.7-41a54 54 0 0 0 -30.41-30.41c-21-8.29-71-6.43-94.3-6.43s-73.25-1.93-94.31 6.43a54 54 0 0 0 -30.41 30.41c-8.28 21-6.43 71.05-6.43 94.33S91 329.3 99.32 350.3a54 54 0 0 0 30.41 30.41c21 8.29 71 6.43 94.31 6.43s73.24 1.93 94.3-6.43a54 54 0 0 0 30.41-30.41c8.35-21 6.43-71.05 6.43-94.33S357.1 182.7 348.8 161.7zM224 338a82 82 0 1 1 82-82A81.9 81.9 0 0 1 224 338zm85.38-148.3a19.14 19.14 0 1 1 19.13-19.14A19.1 19.1 0 0 1 309.4 189.7zM400 32H48A48 48 0 0 0 0 80V432a48 48 0 0 0 48 48H400a48 48 0 0 0 48-48V80A48 48 0 0 0 400 32zM382.9 322c-1.29 25.63-7.14 48.34-25.85 67s-41.4 24.63-67 25.85c-26.41 1.49-105.6 1.49-132 0-25.63-1.29-48.26-7.15-67-25.85s-24.63-41.42-25.85-67c-1.49-26.42-1.49-105.6 0-132 1.29-25.63 7.07-48.34 25.85-67s41.47-24.56 67-25.78c26.41-1.49 105.6-1.49 132 0 25.63 1.29 48.33 7.15 67 25.85s24.63 41.42 25.85 67.05C384.4 216.4 384.4 295.6 382.9 322z\"><\/path><\/svg><\/span><\/span><\/span><\/div>\n\n\n\n<div class=\"wp-block-uagb-social-share-child uagb-ss-repeater uagb-ss__wrapper uagb-block-50665b92\"><span class=\"uagb-ss__link\" data-href=\"https:\/\/www.linkedin.com\/shareArticle?url=\" tabindex=\"0\" role=\"button\" aria-label=\"linkedin\"><span class=\"uagb-ss__source-wrap\"><span class=\"uagb-ss__source-icon\"><svg xmlns=\"https:\/\/www.w3.org\/2000\/svg\" viewbox=\"0 0 448 512\"><path d=\"M416 32H31.9C14.3 32 0 46.5 0 64.3v383.4C0 465.5 14.3 480 31.9 480H416c17.6 0 32-14.5 32-32.3V64.3c0-17.8-14.4-32.3-32-32.3zM135.4 416H69V202.2h66.5V416zm-33.2-243c-21.3 0-38.5-17.3-38.5-38.5S80.9 96 102.2 96c21.2 0 38.5 17.3 38.5 38.5 0 21.3-17.2 38.5-38.5 38.5zm282.1 243h-66.4V312c0-24.8-.5-56.7-34.5-56.7-34.6 0-39.9 27-39.9 54.9V416h-66.4V202.2h63.7v29.2h.9c8.9-16.8 30.6-34.5 62.9-34.5 67.2 0 79.7 44.3 79.7 101.9V416z\"><\/path><\/svg><\/span><\/span><\/span><\/div>\n\n\n\n<div class=\"wp-block-uagb-social-share-child uagb-ss-repeater uagb-ss__wrapper uagb-block-fce4c1b2\"><span class=\"uagb-ss__link\" data-href=\"mailto:?body=\" tabindex=\"0\" role=\"button\" aria-label=\"email\"><span class=\"uagb-ss__source-wrap\"><span class=\"uagb-ss__source-icon\"><svg xmlns=\"https:\/\/www.w3.org\/2000\/svg\" viewbox=\"0 0 512 512\"><path d=\"M464 64C490.5 64 512 85.49 512 112C512 127.1 504.9 141.3 492.8 150.4L275.2 313.6C263.8 322.1 248.2 322.1 236.8 313.6L19.2 150.4C7.113 141.3 0 127.1 0 112C0 85.49 21.49 64 48 64H464zM217.6 339.2C240.4 356.3 271.6 356.3 294.4 339.2L512 176V384C512 419.3 483.3 448 448 448H64C28.65 448 0 419.3 0 384V176L217.6 339.2z\"><\/path><\/svg><\/span><\/span><\/span><\/div>\n<\/div>\n<\/div>\n<\/div><\/div>\n\n\n\n<div class=\"wp-block-uagb-container uagb-block-853e9aed alignfull uagb-is-root-container\"><div class=\"uagb-container-inner-blocks-wrap\">\n<div class=\"wp-block-uagb-info-box uagb-block-e9b7948c uagb-infobox__content-wrap  uagb-infobox-icon-above-title uagb-infobox-image-valign-top wp-block-uagb-info-box--has-margin uag-blocks-common-selector\" style=\"--z-index-desktop:undefined;;--z-index-tablet:undefined;;--z-index-mobile:393;\"><div class=\"uagb-infobox-margin-wrapper\"><div class=\"uagb-ifb-content\"><div class=\"uagb-ifb-image-content\"><img decoding=\"async\" src=\"https:\/\/www.andyva.com\/wp-content\/uploads\/2025\/09\/IMG_1880-1.png\" alt=\"\" width=\"243\" height=\"269\" loading=\"lazy\"\/><\/div><div class=\"uagb-ifb-title-wrap\"><\/div><\/div><\/div><\/div>\n\n\n\n<div class=\"wp-block-uagb-info-box uagb-block-99095143 uagb-infobox__content-wrap  uagb-infobox-icon-above-title uagb-infobox-image-valign-top wp-block-uagb-info-box--has-margin\"><div class=\"uagb-infobox-margin-wrapper\"><div class=\"uagb-ifb-content\"><div class=\"uagb-ifb-image-content\"><img decoding=\"async\" src=\"https:\/\/www.andyva.com\/wp-content\/uploads\/2025\/09\/IMG_E7780-scaled.png\" alt=\"\" width=\"177\" height=\"294\" loading=\"lazy\"\/><\/div><div class=\"uagb-ifb-title-wrap\"><\/div><\/div><\/div><\/div>\n<\/div><\/div>\n\n\n\n<div class=\"wp-block-uagb-advanced-heading uagb-block-47f66913\"><h2 class=\"uagb-heading-text\">Tan\u00fas\u00edtv\u00e1ny<\/h2><\/div>\n\n\n\n<div class=\"wp-block-uagb-container uagb-block-2f0d9c95 alignfull uagb-is-root-container\"><div class=\"uagb-container__shape uagb-container__shape-bottom uagb-container__invert\" data-negative=\"false\"><svg xmlns=\"https:\/\/www.w3.org\/2000\/svg\" viewbox=\"0 0 1000 100\" preserveaspectratio=\"none\"><path class=\"uagb-container__shape-fill\" d=\"M0,6V0h1000v100L0,6z\"><\/path><\/svg><\/div><div class=\"uagb-container-inner-blocks-wrap\">\n<figure class=\"wp-block-image alignfull size-large\"><img loading=\"lazy\" decoding=\"async\" width=\"1024\" height=\"724\" src=\"https:\/\/www.andyva.com\/wp-content\/uploads\/2025\/09\/certifikat-dzurjakova-andrea-1-1024x724.png\" alt=\"\" class=\"wp-image-116\" srcset=\"https:\/\/www.andyva.com\/wp-content\/uploads\/2025\/09\/certifikat-dzurjakova-andrea-1-1024x724.png 1024w, https:\/\/www.andyva.com\/wp-content\/uploads\/2025\/09\/certifikat-dzurjakova-andrea-1-300x212.png 300w, https:\/\/www.andyva.com\/wp-content\/uploads\/2025\/09\/certifikat-dzurjakova-andrea-1-768x543.png 768w, https:\/\/www.andyva.com\/wp-content\/uploads\/2025\/09\/certifikat-dzurjakova-andrea-1-1536x1086.png 1536w, https:\/\/www.andyva.com\/wp-content\/uploads\/2025\/09\/certifikat-dzurjakova-andrea-1-18x12.png 18w, https:\/\/www.andyva.com\/wp-content\/uploads\/2025\/09\/certifikat-dzurjakova-andrea-1.png 2000w\" sizes=\"auto, (max-width: 1024px) 100vw, 1024px\" \/><\/figure>\n\n\n\n<div class=\"wp-block-uagb-advanced-heading uagb-block-e3714490\"><h1 class=\"uagb-heading-text\">\u00c9rdekl\u0151d\u00e9si k\u00f6r\u00f6m \u00e9s hobbim k\u00e9pekben<\/h1><\/div>\n\n\n\t\t\t\t\t<div\n\t\t\t\t\t\tclass=\"wp-block-uagb-image-gallery uagb-block-5571b77b\"\n\t\t\t\t\t\tstyle=\"\"\n\t\t\t\t\t>\n\t\t\t\t\t\t\t\t\t\t\t<div class=\"spectra-image-gallery spectra-image-gallery__layout--grid spectra-image-gallery__layout--grid-col-3 spectra-image-gallery__layout--grid-col-tab-3 spectra-image-gallery__layout--grid-col-mob-2\">\n\t\t\t\t\t\t\t\t\t\t\t<div class='spectra-image-gallery__media-wrapper' data-spectra-gallery-image-id='308' tabindex=\"0\">\n\t\t\t\t\t\t\t<div class=\"spectra-image-gallery__media spectra-image-gallery__media--grid\">\n\t\t\t\t<picture>\n\t\t\t\t\t<source media=\"(min-width: 1024px)\" srcset=\"https:\/\/www.andyva.com\/wp-content\/uploads\/2025\/10\/IMG_9439-1024x797.jpeg\">\n\t\t\t\t\t<source media=\"(min-width: 768px)\" srcset=\"https:\/\/www.andyva.com\/wp-content\/uploads\/2025\/10\/IMG_9439-1024x797.jpeg\">\n\t\t\t\t\t<img decoding=\"async\" class=\"spectra-image-gallery__media-thumbnail spectra-image-gallery__media-thumbnail--grid\" src=\"https:\/\/www.andyva.com\/wp-content\/uploads\/2025\/10\/IMG_9439-300x234.jpeg\" alt=\"\" loading=\"lazy\" \/>\n\t\t\t\t<\/picture>\n\t\t\t\t<div class=\"spectra-image-gallery__media-thumbnail-blurrer\"><\/div>\n\t\t\t\t\t\t\t\t\t\t\t<div class=\"spectra-image-gallery__media-thumbnail-caption-wrapper spectra-image-gallery__media-thumbnail-caption-wrapper--overlay\"><\/div>\n\t\t\t\t\t\t\t\t<\/div>\n\t\t\t\t\t\t<\/div>\n\t\t\t\t\t\t<div class='spectra-image-gallery__media-wrapper' data-spectra-gallery-image-id='309' tabindex=\"0\">\n\t\t\t\t\t\t\t<div class=\"spectra-image-gallery__media spectra-image-gallery__media--grid\">\n\t\t\t\t<picture>\n\t\t\t\t\t<source media=\"(min-width: 1024px)\" srcset=\"https:\/\/www.andyva.com\/wp-content\/uploads\/2025\/10\/cpm35-2022-10-11-160233.208-683x1024.jpg\">\n\t\t\t\t\t<source media=\"(min-width: 768px)\" srcset=\"https:\/\/www.andyva.com\/wp-content\/uploads\/2025\/10\/cpm35-2022-10-11-160233.208-683x1024.jpg\">\n\t\t\t\t\t<img decoding=\"async\" class=\"spectra-image-gallery__media-thumbnail spectra-image-gallery__media-thumbnail--grid\" src=\"https:\/\/www.andyva.com\/wp-content\/uploads\/2025\/10\/cpm35-2022-10-11-160233.208-200x300.jpg\" alt=\"\" loading=\"lazy\" \/>\n\t\t\t\t<\/picture>\n\t\t\t\t<div class=\"spectra-image-gallery__media-thumbnail-blurrer\"><\/div>\n\t\t\t\t\t\t\t\t\t\t\t<div class=\"spectra-image-gallery__media-thumbnail-caption-wrapper spectra-image-gallery__media-thumbnail-caption-wrapper--overlay\"><\/div>\n\t\t\t\t\t\t\t\t<\/div>\n\t\t\t\t\t\t<\/div>\n\t\t\t\t\t\t<div class='spectra-image-gallery__media-wrapper' data-spectra-gallery-image-id='312' tabindex=\"0\">\n\t\t\t\t\t\t\t<div class=\"spectra-image-gallery__media spectra-image-gallery__media--grid\">\n\t\t\t\t<picture>\n\t\t\t\t\t<source media=\"(min-width: 1024px)\" srcset=\"https:\/\/www.andyva.com\/wp-content\/uploads\/2025\/10\/IMG_1642-768x1024.jpg\">\n\t\t\t\t\t<source media=\"(min-width: 768px)\" srcset=\"https:\/\/www.andyva.com\/wp-content\/uploads\/2025\/10\/IMG_1642-768x1024.jpg\">\n\t\t\t\t\t<img decoding=\"async\" class=\"spectra-image-gallery__media-thumbnail spectra-image-gallery__media-thumbnail--grid\" src=\"https:\/\/www.andyva.com\/wp-content\/uploads\/2025\/10\/IMG_1642-225x300.jpg\" alt=\"\" loading=\"lazy\" \/>\n\t\t\t\t<\/picture>\n\t\t\t\t<div class=\"spectra-image-gallery__media-thumbnail-blurrer\"><\/div>\n\t\t\t\t\t\t\t\t\t\t\t<div class=\"spectra-image-gallery__media-thumbnail-caption-wrapper spectra-image-gallery__media-thumbnail-caption-wrapper--overlay\"><\/div>\n\t\t\t\t\t\t\t\t<\/div>\n\t\t\t\t\t\t<\/div>\n\t\t\t\t\t\t<div class='spectra-image-gallery__media-wrapper' data-spectra-gallery-image-id='316' tabindex=\"0\">\n\t\t\t\t\t\t\t<div class=\"spectra-image-gallery__media spectra-image-gallery__media--grid\">\n\t\t\t\t<picture>\n\t\t\t\t\t<source media=\"(min-width: 1024px)\" srcset=\"https:\/\/www.andyva.com\/wp-content\/uploads\/2025\/10\/IMG_4329-1024x768.jpg\">\n\t\t\t\t\t<source media=\"(min-width: 768px)\" srcset=\"https:\/\/www.andyva.com\/wp-content\/uploads\/2025\/10\/IMG_4329-1024x768.jpg\">\n\t\t\t\t\t<img decoding=\"async\" class=\"spectra-image-gallery__media-thumbnail spectra-image-gallery__media-thumbnail--grid\" src=\"https:\/\/www.andyva.com\/wp-content\/uploads\/2025\/10\/IMG_4329-300x225.jpg\" alt=\"\" loading=\"lazy\" \/>\n\t\t\t\t<\/picture>\n\t\t\t\t<div class=\"spectra-image-gallery__media-thumbnail-blurrer\"><\/div>\n\t\t\t\t\t\t\t\t\t\t\t<div class=\"spectra-image-gallery__media-thumbnail-caption-wrapper spectra-image-gallery__media-thumbnail-caption-wrapper--overlay\"><\/div>\n\t\t\t\t\t\t\t\t<\/div>\n\t\t\t\t\t\t<\/div>\n\t\t\t\t\t\t<div class='spectra-image-gallery__media-wrapper' data-spectra-gallery-image-id='319' tabindex=\"0\">\n\t\t\t\t\t\t\t<div class=\"spectra-image-gallery__media spectra-image-gallery__media--grid\">\n\t\t\t\t<picture>\n\t\t\t\t\t<source media=\"(min-width: 1024px)\" srcset=\"https:\/\/www.andyva.com\/wp-content\/uploads\/2025\/10\/IMG_E9471-768x1024.jpg\">\n\t\t\t\t\t<source media=\"(min-width: 768px)\" srcset=\"https:\/\/www.andyva.com\/wp-content\/uploads\/2025\/10\/IMG_E9471-768x1024.jpg\">\n\t\t\t\t\t<img decoding=\"async\" class=\"spectra-image-gallery__media-thumbnail spectra-image-gallery__media-thumbnail--grid\" src=\"https:\/\/www.andyva.com\/wp-content\/uploads\/2025\/10\/IMG_E9471-225x300.jpg\" alt=\"\" loading=\"lazy\" \/>\n\t\t\t\t<\/picture>\n\t\t\t\t<div class=\"spectra-image-gallery__media-thumbnail-blurrer\"><\/div>\n\t\t\t\t\t\t\t\t\t\t\t<div class=\"spectra-image-gallery__media-thumbnail-caption-wrapper spectra-image-gallery__media-thumbnail-caption-wrapper--overlay\"><\/div>\n\t\t\t\t\t\t\t\t<\/div>\n\t\t\t\t\t\t<\/div>\n\t\t\t\t\t\t<div class='spectra-image-gallery__media-wrapper' data-spectra-gallery-image-id='117' tabindex=\"0\">\n\t\t\t\t\t\t\t<div class=\"spectra-image-gallery__media spectra-image-gallery__media--grid\">\n\t\t\t\t<picture>\n\t\t\t\t\t<source media=\"(min-width: 1024px)\" srcset=\"https:\/\/www.andyva.com\/wp-content\/uploads\/2025\/09\/27cb337e-29e9-40c7-927c-f4979f1f2b0e-768x1024.jpg\">\n\t\t\t\t\t<source media=\"(min-width: 768px)\" srcset=\"https:\/\/www.andyva.com\/wp-content\/uploads\/2025\/09\/27cb337e-29e9-40c7-927c-f4979f1f2b0e-768x1024.jpg\">\n\t\t\t\t\t<img decoding=\"async\" class=\"spectra-image-gallery__media-thumbnail spectra-image-gallery__media-thumbnail--grid\" src=\"https:\/\/www.andyva.com\/wp-content\/uploads\/2025\/09\/27cb337e-29e9-40c7-927c-f4979f1f2b0e-225x300.jpg\" alt=\"\" loading=\"lazy\" \/>\n\t\t\t\t<\/picture>\n\t\t\t\t<div class=\"spectra-image-gallery__media-thumbnail-blurrer\"><\/div>\n\t\t\t\t\t\t\t\t\t\t\t<div class=\"spectra-image-gallery__media-thumbnail-caption-wrapper spectra-image-gallery__media-thumbnail-caption-wrapper--overlay\"><\/div>\n\t\t\t\t\t\t\t\t<\/div>\n\t\t\t\t\t\t<\/div>\n\t\t\t\t\t\t\t\t\t\t<\/div>\n\t\t\t\t\t\t\t\t\t\t\t\t\t\t\t\t\t\t<\/div>\n\t\t\t\t\t\t\t\t\t<\/div><\/div>\n\n\n\n<p><\/p>","protected":false},"excerpt":{"rendered":"<p>O mne Certifik\u00e1t Moje z\u00e1ujmy a z\u00e1\u013euby<\/p>","protected":false},"author":1,"featured_media":0,"parent":0,"menu_order":2,"comment_status":"closed","ping_status":"closed","template":"","meta":{"_uag_custom_page_level_css":"","site-sidebar-layout":"default","site-content-layout":"","ast-site-content-layout":"default","site-content-style":"default","site-sidebar-style":"default","ast-global-header-display":"","ast-banner-title-visibility":"","ast-main-header-display":"","ast-hfb-above-header-display":"","ast-hfb-below-header-display":"","ast-hfb-mobile-header-display":"","site-post-title":"disabled","ast-breadcrumbs-content":"","ast-featured-img":"","footer-sml-layout":"","theme-transparent-header-meta":"","adv-header-id-meta":"","stick-header-meta":"","header-above-stick-meta":"","header-main-stick-meta":"","header-below-stick-meta":"","astra-migrate-meta-layouts":"default","ast-page-background-enabled":"default","ast-page-background-meta":{"desktop":{"background-color":"var(--ast-global-color-5)","background-image":"","background-repeat":"repeat","background-position":"center center","background-size":"auto","background-attachment":"scroll","background-type":"","background-media":"","overlay-type":"","overlay-color":"","overlay-opacity":"","overlay-gradient":""},"tablet":{"background-color":"","background-image":"","background-repeat":"repeat","background-position":"center center","background-size":"auto","background-attachment":"scroll","background-type":"","background-media":"","overlay-type":"","overlay-color":"","overlay-opacity":"","overlay-gradient":""},"mobile":{"background-color":"","background-image":"","background-repeat":"repeat","background-position":"center center","background-size":"auto","background-attachment":"scroll","background-type":"","background-media":"","overlay-type":"","overlay-color":"","overlay-opacity":"","overlay-gradient":""}},"ast-content-background-meta":{"desktop":{"background-color":"var(--ast-global-color-4)","background-image":"","background-repeat":"repeat","background-position":"center center","background-size":"auto","background-attachment":"scroll","background-type":"","background-media":"","overlay-type":"","overlay-color":"","overlay-opacity":"","overlay-gradient":""},"tablet":{"background-color":"var(--ast-global-color-4)","background-image":"","background-repeat":"repeat","background-position":"center center","background-size":"auto","background-attachment":"scroll","background-type":"","background-media":"","overlay-type":"","overlay-color":"","overlay-opacity":"","overlay-gradient":""},"mobile":{"background-color":"var(--ast-global-color-4)","background-image":"","background-repeat":"repeat","background-position":"center center","background-size":"auto","background-attachment":"scroll","background-type":"","background-media":"","overlay-type":"","overlay-color":"","overlay-opacity":"","overlay-gradient":""}},"footnotes":""},"class_list":["post-36","page","type-page","status-publish","hentry"],"aioseo_notices":[],"uagb_featured_image_src":{"full":false,"thumbnail":false,"medium":false,"medium_large":false,"large":false,"1536x1536":false,"2048x2048":false,"trp-custom-language-flag":false},"uagb_author_info":{"display_name":"andyva","author_link":"https:\/\/www.andyva.com\/hu\/author\/andyva\/"},"uagb_comment_info":0,"uagb_excerpt":"O mne Certifik\u00e1t Moje z\u00e1ujmy a z\u00e1\u013euby","_links":{"self":[{"href":"https:\/\/www.andyva.com\/hu\/wp-json\/wp\/v2\/pages\/36","targetHints":{"allow":["GET"]}}],"collection":[{"href":"https:\/\/www.andyva.com\/hu\/wp-json\/wp\/v2\/pages"}],"about":[{"href":"https:\/\/www.andyva.com\/hu\/wp-json\/wp\/v2\/types\/page"}],"author":[{"embeddable":true,"href":"https:\/\/www.andyva.com\/hu\/wp-json\/wp\/v2\/users\/1"}],"replies":[{"embeddable":true,"href":"https:\/\/www.andyva.com\/hu\/wp-json\/wp\/v2\/comments?post=36"}],"version-history":[{"count":35,"href":"https:\/\/www.andyva.com\/hu\/wp-json\/wp\/v2\/pages\/36\/revisions"}],"predecessor-version":[{"id":681,"href":"https:\/\/www.andyva.com\/hu\/wp-json\/wp\/v2\/pages\/36\/revisions\/681"}],"wp:attachment":[{"href":"https:\/\/www.andyva.com\/hu\/wp-json\/wp\/v2\/media?parent=36"}],"curies":[{"name":"wp","href":"https:\/\/api.w.org\/{rel}","templated":true}]}}