{"id":35,"date":"2025-09-25T14:28:35","date_gmt":"2025-09-25T12:28:35","guid":{"rendered":"https:\/\/www.andyva.com\/sluzby\/"},"modified":"2025-12-17T12:10:10","modified_gmt":"2025-12-17T11:10:10","slug":"sluzby","status":"publish","type":"page","link":"https:\/\/www.andyva.com\/hu\/sluzby\/","title":{"rendered":"Szolg\u00e1ltat\u00e1sok"},"content":{"rendered":"<div class=\"wp-block-uagb-container uagb-block-3ad17e27 alignfull uagb-is-root-container\"><div class=\"uagb-container-inner-blocks-wrap\">\n<div class=\"wp-block-uagb-advanced-heading uagb-block-8a1eebc0\"><h1 class=\"uagb-heading-text\">Szolg\u00e1ltat\u00e1sok \u00e1ttekint\u00e9se<\/h1><\/div>\n<\/div><\/div>\n\n\n\n<div class=\"inherit-container-width wp-block-group alignfull has-ast-global-color-4-background-color has-background is-layout-constrained wp-container-core-group-is-layout-12c5e928 wp-block-group-is-layout-constrained\" style=\"margin-top:0;margin-bottom:0;padding-top:var(--wp--preset--spacing--60);padding-right:var(--wp--preset--spacing--30);padding-bottom:var(--wp--preset--spacing--60);padding-left:var(--wp--preset--spacing--30)\">\n<div class=\"wp-block-columns alignwide is-layout-flex wp-container-core-columns-is-layout-08c01c1c wp-block-columns-is-layout-flex\">\n<div class=\"wp-block-column is-layout-flow wp-block-column-is-layout-flow\">\n<div class=\"wp-block-group alignwide is-content-justification-center is-layout-constrained wp-block-group-is-layout-constrained\">\n<p><\/p>\n\n\n\n<p class=\"has-text-align-center\" style=\"margin-top:16px\">Fedezze fel a professzion\u00e1lis adminisztrat\u00edv \u00e9s \u00fcgyf\u00e9lszolg\u00e1lati megold\u00e1sokat, amelyek hat\u00e9konyabb\u00e1 teszik v\u00e1llalkoz\u00e1s\u00e1t \u00e9s id\u0151t takar\u00edtanak meg \u00d6nnek.<\/p>\n\n\n\n<div class=\"wp-block-buttons is-content-justification-center is-layout-flex wp-container-core-buttons-is-layout-d2a3880e wp-block-buttons-is-layout-flex\" style=\"margin-top:var(--wp--preset--spacing--30)\">\n<div class=\"wp-block-button is-style-fill\"><a class=\"wp-block-button__link wp-element-button\" href=\"https:\/\/www.andyva.com\/hu\/kontakt\/\">Tudj meg t\u00f6bbet<\/a><\/div>\n<\/div>\n<\/div>\n<\/div>\n\n\n\n<div class=\"wp-block-column is-layout-flow wp-block-column-is-layout-flow\">\n<div class=\"wp-block-group is-nowrap is-layout-flex wp-container-core-group-is-layout-501511a6 wp-block-group-is-layout-flex\">\n<figure class=\"wp-block-image size-large ext-aspect-landscape wp-duotone-varpresetduotoneprimary-foreground-1\"><img decoding=\"async\" src=\"data:image\/svg+xml;base64,PHN2ZyB4bWxucz0iaHR0cDovL3d3dy53My5vcmcvMjAwMC9zdmciIHdpZHRoPSI0OCIgaGVpZ2h0PSI0OCIgZmlsbD0ibm9uZSIgdmlld0JveD0iMCAwIDQ4IDQ4Ij48bWFzayBpZD0iYSIgd2lkdGg9IjQ4IiBoZWlnaHQ9IjQ4IiB4PSIwIiB5PSIwIiBtYXNrVW5pdHM9InVzZXJTcGFjZU9uVXNlIiBzdHlsZT0ibWFzay10eXBlOmFscGhhIj48cGF0aCBmaWxsPSIjRDlEOUQ5IiBkPSJNMCAwaDQ4djQ4SDB6Ii8+PC9tYXNrPjxnIG1hc2s9InVybCgjYSkiPjxwYXRoIGZpbGw9IiMxQzFCMUYiIGQ9Ik0yNCA0NGMtMi44MzMgMC01LjQ2Ny0uNTA4LTcuOS0xLjUyNS0yLjQzMy0xLjAxNy00LjU1LTIuNDI1LTYuMzUtNC4yMjUtMS44LTEuOC0zLjIwOC0zLjkxNy00LjIyNS02LjM1QzQuNTA4IDI5LjQ2NyA0IDI2LjgzMyA0IDI0YzAtMi44LjUwOC01LjQxNyAxLjUyNS03Ljg1UzcuOTUgMTEuNiA5Ljc1IDkuOGMxLjgtMS44IDMuOTE3LTMuMjE3IDYuMzUtNC4yNVMyMS4xNjcgNCAyNCA0YzIuNSAwIDQuODMzLjQgNyAxLjIgMi4xNjcuOCA0LjExNyAxLjkgNS44NSAzLjNsLTIuMTUgMi4xNWExNi43MzIgMTYuNzMyIDAgMCAwLTQuOS0yLjdDMjggNy4zMTcgMjYuMDY3IDcgMjQgN2MtNC44MzMgMC04Ljg3NSAxLjYyNS0xMi4xMjUgNC44NzVTNyAxOS4xNjcgNyAyNHMxLjYyNSA4Ljg3NSA0Ljg3NSAxMi4xMjVTMTkuMTY3IDQxIDI0IDQxczguODc1LTEuNjI1IDEyLjEyNS00Ljg3NVM0MSAyOC44MzMgNDEgMjRjMC0xLS4wNzUtMS45NzUtLjIyNS0yLjkyNS0uMTUtLjk1LS4zNzUtMS44NzUtLjY3NS0yLjc3NWwyLjMtMi4zYTE5LjEyMiAxOS4xMjIgMCAwIDEgMS4yIDMuODVjLjI2NyAxLjMzMy40IDIuNzE3LjQgNC4xNSAwIDIuODMzLS41MTcgNS40NjctMS41NSA3LjktMS4wMzMgMi40MzMtMi40NSA0LjU1LTQuMjUgNi4zNS0xLjggMS44LTMuOTE3IDMuMjA4LTYuMzUgNC4yMjVDMjkuNDE3IDQzLjQ5MiAyNi44IDQ0IDI0IDQ0Wm0tMi45NS0xMC45LTguMjUtOC4zIDIuMjUtMi4yNSA2IDYgMjAuNy0yMC43IDIuMyAyLjI1LTIzIDIzWiIvPjwvZz48L3N2Zz4=\" alt=\"\" style=\"object-fit:cover\"\/><\/figure>\n\n\n\n<div class=\"wp-block-group wp-container-content-958eb9dc is-layout-constrained wp-block-group-is-layout-constrained\">\n<h3 class=\"wp-block-heading\" style=\"font-size:20px;line-height:1.5\">Adminisztrat\u00edv t\u00e1mogat\u00e1s<\/h3>\n\n\n\n<p class=\"has-small-font-size\" style=\"margin-top:4px\">Az adminisztrat\u00edv feladatok \u00e1tfog\u00f3 kezel\u00e9se biztos\u00edtja v\u00e1llalkoz\u00e1sa z\u00f6kken\u0151mentes m\u0171k\u00f6d\u00e9s\u00e9t felesleges terhek n\u00e9lk\u00fcl.<\/p>\n<\/div>\n<\/div>\n\n\n\n<div class=\"wp-block-group is-nowrap is-layout-flex wp-container-core-group-is-layout-501511a6 wp-block-group-is-layout-flex\">\n<figure class=\"wp-block-image size-large ext-aspect-landscape wp-duotone-varpresetduotoneprimary-foreground-2\"><img decoding=\"async\" src=\"data:image\/svg+xml;base64,PHN2ZyB4bWxucz0iaHR0cDovL3d3dy53My5vcmcvMjAwMC9zdmciIHdpZHRoPSI0OCIgaGVpZ2h0PSI0OCIgZmlsbD0ibm9uZSIgdmlld0JveD0iMCAwIDQ4IDQ4Ij48bWFzayBpZD0iYSIgd2lkdGg9IjQ4IiBoZWlnaHQ9IjQ4IiB4PSIwIiB5PSIwIiBtYXNrVW5pdHM9InVzZXJTcGFjZU9uVXNlIiBzdHlsZT0ibWFzay10eXBlOmFscGhhIj48cGF0aCBmaWxsPSIjRDlEOUQ5IiBkPSJNMCAwaDQ4djQ4SDB6Ii8+PC9tYXNrPjxnIG1hc2s9InVybCgjYSkiPjxwYXRoIGZpbGw9IiMxQzFCMUYiIGQ9Ik0yNCA0NGMtMi44MzMgMC01LjQ2Ny0uNTA4LTcuOS0xLjUyNS0yLjQzMy0xLjAxNy00LjU1LTIuNDI1LTYuMzUtNC4yMjUtMS44LTEuOC0zLjIwOC0zLjkxNy00LjIyNS02LjM1QzQuNTA4IDI5LjQ2NyA0IDI2LjgzMyA0IDI0YzAtMi44LjUwOC01LjQxNyAxLjUyNS03Ljg1UzcuOTUgMTEuNiA5Ljc1IDkuOGMxLjgtMS44IDMuOTE3LTMuMjE3IDYuMzUtNC4yNVMyMS4xNjcgNCAyNCA0YzIuNSAwIDQuODMzLjQgNyAxLjIgMi4xNjcuOCA0LjExNyAxLjkgNS44NSAzLjNsLTIuMTUgMi4xNWExNi43MzIgMTYuNzMyIDAgMCAwLTQuOS0yLjdDMjggNy4zMTcgMjYuMDY3IDcgMjQgN2MtNC44MzMgMC04Ljg3NSAxLjYyNS0xMi4xMjUgNC44NzVTNyAxOS4xNjcgNyAyNHMxLjYyNSA4Ljg3NSA0Ljg3NSAxMi4xMjVTMTkuMTY3IDQxIDI0IDQxczguODc1LTEuNjI1IDEyLjEyNS00Ljg3NVM0MSAyOC44MzMgNDEgMjRjMC0xLS4wNzUtMS45NzUtLjIyNS0yLjkyNS0uMTUtLjk1LS4zNzUtMS44NzUtLjY3NS0yLjc3NWwyLjMtMi4zYTE5LjEyMiAxOS4xMjIgMCAwIDEgMS4yIDMuODVjLjI2NyAxLjMzMy40IDIuNzE3LjQgNC4xNSAwIDIuODMzLS41MTcgNS40NjctMS41NSA3LjktMS4wMzMgMi40MzMtMi40NSA0LjU1LTQuMjUgNi4zNS0xLjggMS44LTMuOTE3IDMuMjA4LTYuMzUgNC4yMjVDMjkuNDE3IDQzLjQ5MiAyNi44IDQ0IDI0IDQ0Wm0tMi45NS0xMC45LTguMjUtOC4zIDIuMjUtMi4yNSA2IDYgMjAuNy0yMC43IDIuMyAyLjI1LTIzIDIzWiIvPjwvZz48L3N2Zz4=\" alt=\"\" style=\"object-fit:cover\"\/><\/figure>\n\n\n\n<div class=\"wp-block-group wp-container-content-958eb9dc is-layout-constrained wp-block-group-is-layout-constrained\">\n<h3 class=\"wp-block-heading\" style=\"font-size:20px;line-height:1.5\">\u00dcgyf\u00e9lszolg\u00e1lat<\/h3>\n\n\n\n<p class=\"has-small-font-size\" style=\"margin-top:4px\">Szem\u00e9lyre szabott, professzion\u00e1lis megold\u00e1sok, amelyek jav\u00edtj\u00e1k a kommunik\u00e1ci\u00f3t \u00e9s n\u00f6velik \u00fcgyfelei el\u00e9gedetts\u00e9g\u00e9t.<\/p>\n\n\n\n<p><\/p>\n<\/div>\n<\/div>\n<\/div>\n<\/div>\n\n\n\n<div class=\"wp-block-cover alignwide\" style=\"border-radius:1rem\"><img loading=\"lazy\" decoding=\"async\" width=\"1024\" height=\"768\" class=\"wp-block-cover__image-background wp-image-413 size-large\" alt=\"\" src=\"https:\/\/www.andyva.com\/wp-content\/uploads\/2025\/10\/IMG_1703-1024x768.jpeg\" style=\"object-position:51% 70%\" data-object-fit=\"cover\" data-object-position=\"51% 70%\" srcset=\"https:\/\/www.andyva.com\/wp-content\/uploads\/2025\/10\/IMG_1703-1024x768.jpeg 1024w, https:\/\/www.andyva.com\/wp-content\/uploads\/2025\/10\/IMG_1703-300x225.jpeg 300w, https:\/\/www.andyva.com\/wp-content\/uploads\/2025\/10\/IMG_1703-768x576.jpeg 768w, https:\/\/www.andyva.com\/wp-content\/uploads\/2025\/10\/IMG_1703-1536x1152.jpeg 1536w, https:\/\/www.andyva.com\/wp-content\/uploads\/2025\/10\/IMG_1703-16x12.jpeg 16w, https:\/\/www.andyva.com\/wp-content\/uploads\/2025\/10\/IMG_1703.jpeg 2048w\" sizes=\"auto, (max-width: 1024px) 100vw, 1024px\" \/><span aria-hidden=\"true\" class=\"wp-block-cover__background has-ast-global-color-7-background-color has-background-dim-30 has-background-dim\"><\/span><div class=\"wp-block-cover__inner-container is-layout-flow wp-block-cover-is-layout-flow\">\n<div style=\"height:380px\" aria-hidden=\"true\" class=\"wp-block-spacer\"><\/div>\n<\/div><\/div>\n<\/div>\n\n\n\n<div class=\"inherit-container-width wp-block-group alignfull has-tertiary-background-color has-background is-layout-constrained wp-container-core-group-is-layout-68d5e5bb wp-block-group-is-layout-constrained\" id=\"funkcie\" style=\"margin-top:0;margin-bottom:0;padding-top:var(--wp--preset--spacing--50);padding-right:var(--wp--preset--spacing--30);padding-bottom:var(--wp--preset--spacing--60);padding-left:var(--wp--preset--spacing--30)\">\n<div class=\"wp-block-group alignwide is-vertical is-content-justification-center is-layout-flex wp-container-core-group-is-layout-ce155fab wp-block-group-is-layout-flex\">\n<div class=\"wp-block-group alignwide is-content-justification-left is-layout-constrained wp-container-core-group-is-layout-12dd3699 wp-block-group-is-layout-constrained\">\n<h2 class=\"wp-block-heading has-text-align-center has-ast-global-color-7-background-color has-background has-medium-font-size\" style=\"margin-top:12px;line-height:1.4\">Professzion\u00e1lis \u00fcgyf\u00e9lkapcsolat-kezel\u00e9s<\/h2>\n\n\n\n<p class=\"has-text-align-center\" style=\"margin-top:16px\">Fedezze fel, hogyan n\u00f6velheti hat\u00e9konys\u00e1g\u00e1t szolg\u00e1ltat\u00e1saink r\u00e9v\u00e9n.<\/p>\n<\/div>\n<\/div>\n<\/div>\n\n\n\n<div class=\"wp-block-uagb-container uagb-block-2d46698e alignfull uagb-is-root-container\"><div class=\"uagb-container-inner-blocks-wrap\">\n<div class=\"wp-block-uagb-container uagb-block-aa6b1cd5\">\n<div class=\"wp-block-uagb-info-box uagb-block-6013e457 uagb-infobox__content-wrap  uagb-infobox-icon-above-title uagb-infobox-image-valign-top\"><div class=\"uagb-ifb-content\"><div class=\"uagb-ifb-icon-wrap\"><div class=\"uagb-iconbox-icon-wrap uagb-infobox-shape-circle\"><svg xmlns=\"https:\/\/www.w3.org\/2000\/svg\" viewbox=\"0 0 512 512\"><path d=\"M490.3 40.4C512.2 62.27 512.2 97.73 490.3 119.6L460.3 149.7L362.3 51.72L392.4 21.66C414.3-.2135 449.7-.2135 471.6 21.66L490.3 40.4zM172.4 241.7L339.7 74.34L437.7 172.3L270.3 339.6C264.2 345.8 256.7 350.4 248.4 353.2L159.6 382.8C150.1 385.6 141.5 383.4 135 376.1C128.6 370.5 126.4 361 129.2 352.4L158.8 263.6C161.6 255.3 166.2 247.8 172.4 241.7V241.7zM192 63.1C209.7 63.1 224 78.33 224 95.1C224 113.7 209.7 127.1 192 127.1H96C78.33 127.1 64 142.3 64 159.1V416C64 433.7 78.33 448 96 448H352C369.7 448 384 433.7 384 416V319.1C384 302.3 398.3 287.1 416 287.1C433.7 287.1 448 302.3 448 319.1V416C448 469 405 512 352 512H96C42.98 512 0 469 0 416V159.1C0 106.1 42.98 63.1 96 63.1H192z\"><\/path><\/svg><\/div><\/div><div class=\"uagb-ifb-title-wrap\"><h3 class=\"uagb-ifb-title\">Adminisztr\u00e1ci\u00f3<\/h3><\/div><p class=\"uagb-ifb-desc\">E-mailek \u00e9s \u00fczenetek megv\u00e1laszol\u00e1sa<br>Dokumentumok \u00e9s adatb\u00e1zisok kezel\u00e9se<br>Adatbevitel<br>Egyszer\u0171 bels\u0151 folyamatok koordin\u00e1l\u00e1sa<\/p><\/div><\/div>\n<\/div>\n\n\n\n<div class=\"wp-block-uagb-container uagb-block-25912f9b\">\n<div class=\"wp-block-uagb-info-box uagb-block-707558e0 uagb-infobox__content-wrap  uagb-infobox-icon-above-title uagb-infobox-image-valign-top\"><div class=\"uagb-ifb-content\"><div class=\"uagb-ifb-icon-wrap\"><div class=\"uagb-iconbox-icon-wrap uagb-infobox-shape-circle\"><svg xmlns=\"https:\/\/www.w3.org\/2000\/svg\" viewbox=\"0 0 640 512\"><path d=\"M224 256c70.7 0 128-57.31 128-128S294.7 0 224 0C153.3 0 96 57.31 96 128S153.3 256 224 256zM274.7 304H173.3c-95.73 0-173.3 77.6-173.3 173.3C0 496.5 15.52 512 34.66 512H413.3C432.5 512 448 496.5 448 477.3C448 381.6 370.4 304 274.7 304zM479.1 320h-73.85C451.2 357.7 480 414.1 480 477.3C480 490.1 476.2 501.9 470 512h138C625.7 512 640 497.6 640 479.1C640 391.6 568.4 320 479.1 320zM432 256C493.9 256 544 205.9 544 144S493.9 32 432 32c-25.11 0-48.04 8.555-66.72 22.51C376.8 76.63 384 101.4 384 128c0 35.52-11.93 68.14-31.59 94.71C372.7 243.2 400.8 256 432 256z\"><\/path><\/svg><\/div><\/div><div class=\"uagb-ifb-title-wrap\"><h3 class=\"uagb-ifb-title\"><strong>\u00dcgyf\u00e9lszolg\u00e1lat<\/strong><\/h3><\/div><p class=\"uagb-ifb-desc\">\u00dcgyf\u00e9l-\/partnergondoz\u00e1s<br>Kommunik\u00e1ci\u00f3<br>Helyi partnerek felkeres\u00e9se<br>\u00dczleti utak \u00e9s rendezv\u00e9nyek alapvet\u0151 tervez\u00e9se<\/p><\/div><\/div>\n<\/div>\n\n\n\n<div class=\"wp-block-uagb-container uagb-block-3a95e3c0\">\n<div class=\"wp-block-uagb-info-box uagb-block-4c379f09 uagb-infobox__content-wrap  uagb-infobox-icon-above-title uagb-infobox-image-valign-top\"><div class=\"uagb-ifb-content\"><div class=\"uagb-ifb-icon-wrap\"><div class=\"uagb-iconbox-icon-wrap uagb-infobox-shape-circle\"><svg xmlns=\"https:\/\/www.w3.org\/2000\/svg\" viewbox=\"0 0 640 512\"><path d=\"M448 164C459 164 468 172.1 468 184V188H528C539 188 548 196.1 548 208C548 219 539 228 528 228H526L524.4 232.5C515.5 256.1 501.9 279.1 484.7 297.9C485.6 298.4 486.5 298.1 487.4 299.5L506.3 310.8C515.8 316.5 518.8 328.8 513.1 338.3C507.5 347.8 495.2 350.8 485.7 345.1L466.8 333.8C462.4 331.1 457.1 328.3 453.7 325.3C443.2 332.8 431.8 339.3 419.8 344.7L416.1 346.3C406 350.8 394.2 346.2 389.7 336.1C385.2 326 389.8 314.2 399.9 309.7L403.5 308.1C409.9 305.2 416.1 301.1 422 298.3L409.9 286.1C402 278.3 402 265.7 409.9 257.9C417.7 250 430.3 250 438.1 257.9L452.7 272.4L453.3 272.1C465.7 259.9 475.8 244.7 483.1 227.1H376C364.1 227.1 356 219 356 207.1C356 196.1 364.1 187.1 376 187.1H428V183.1C428 172.1 436.1 163.1 448 163.1L448 164zM160 233.2L179 276H140.1L160 233.2zM0 128C0 92.65 28.65 64 64 64H576C611.3 64 640 92.65 640 128V384C640 419.3 611.3 448 576 448H64C28.65 448 0 419.3 0 384V128zM320 384H576V128H320V384zM178.3 175.9C175.1 168.7 167.9 164 160 164C152.1 164 144.9 168.7 141.7 175.9L77.72 319.9C73.24 329.1 77.78 341.8 87.88 346.3C97.97 350.8 109.8 346.2 114.3 336.1L123.2 315.1H196.8L205.7 336.1C210.2 346.2 222 350.8 232.1 346.3C242.2 341.8 246.8 329.1 242.3 319.9L178.3 175.9z\"><\/path><\/svg><\/div><\/div><div class=\"uagb-ifb-title-wrap\"><h3 class=\"uagb-ifb-title\"><strong>Nyelvi szolg\u00e1ltat\u00e1sok<\/strong><\/h3><\/div><p class=\"uagb-ifb-desc\">Szlov\u00e1kul, esetleg angolul<br>Tartalom testreszab\u00e1sa a c\u00e9lpiac sz\u00e1m\u00e1ra<br>Egyszer\u0171 sz\u00f6veg k\u00e9sz\u00edt\u00e9se a megadott nyelveken<br>Egyszer\u0171 ford\u00edt\u00e1s<\/p><\/div><\/div>\n<\/div>\n\n\n\n<div class=\"wp-block-uagb-container uagb-block-b199525a\">\n<div class=\"wp-block-uagb-info-box uagb-block-9d93424e uagb-infobox__content-wrap  uagb-infobox-icon-above-title uagb-infobox-image-valign-top\"><div class=\"uagb-ifb-content\"><div class=\"uagb-ifb-icon-wrap\"><div class=\"uagb-iconbox-icon-wrap uagb-infobox-shape-circle\"><svg xmlns=\"https:\/\/www.w3.org\/2000\/svg\" viewbox=\"0 0 576 512\"><path d=\"M384 112v288c0 26.51-21.49 48-48 48h-288c-26.51 0-48-21.49-48-48v-288c0-26.51 21.49-48 48-48h288C362.5 64 384 85.49 384 112zM576 127.5v256.9c0 25.5-29.17 40.39-50.39 25.79L416 334.7V177.3l109.6-75.56C546.9 87.13 576 102.1 576 127.5z\"><\/path><\/svg><\/div><\/div><div class=\"uagb-ifb-title-wrap\"><h3 class=\"uagb-ifb-title\"><strong>&nbsp;<\/strong>K\u00f6z\u00f6ss\u00e9gi m\u00e9dia \u00e9s WordPress kezel\u00e9se<\/h3><\/div><p class=\"uagb-ifb-desc\">K\u00f6z\u00f6ss\u00e9gi m\u00e9dia posztok k\u00e9sz\u00edt\u00e9se \u00e9s tervez\u00e9se<br>Pr\u00edprava vizu\u00e1lov (Canva)<br>\u00dczenetek \u00e9s interakci\u00f3k figyel\u00e9se<br>WordPress-kezel\u00e9s<br><br><\/p><\/div><\/div>\n<\/div>\n\n\n\n<div class=\"wp-block-uagb-container uagb-block-c39cb63e\">\n<div class=\"wp-block-uagb-info-box uagb-block-e0cbd9f3 uagb-infobox__content-wrap  uagb-infobox-icon-above-title uagb-infobox-image-valign-top\"><div class=\"uagb-ifb-content\"><div class=\"uagb-ifb-icon-wrap\"><div class=\"uagb-iconbox-icon-wrap uagb-infobox-shape-circle\"><svg xmlns=\"https:\/\/www.w3.org\/2000\/svg\" viewbox=\"0 0 460 512\"><path d=\"M220.6 130.3l-67.2 28.2V43.2L98.7 233.5l54.7-24.2v130.3l67.2-209.3zm-83.2-96.7l-1.3 4.7-15.2 52.9C80.6 106.7 52 145.8 52 191.5c0 52.3 34.3 95.9 83.4 105.5v53.6C57.5 340.1 0 272.4 0 191.6c0-80.5 59.8-147.2 137.4-158zm311.4 447.2c-11.2 11.2-23.1 12.3-28.6 10.5-5.4-1.8-27.1-19.9-60.4-44.4-33.3-24.6-33.6-35.7-43-56.7-9.4-20.9-30.4-42.6-57.5-52.4l-9.7-14.7c-24.7 16.9-53 26.9-81.3 28.7l2.1-6.6 15.9-49.5c46.5-11.9 80.9-54 80.9-104.2 0-54.5-38.4-102.1-96-107.1V32.3C254.4 37.4 320 106.8 320 191.6c0 33.6-11.2 64.7-29 90.4l14.6 9.6c9.8 27.1 31.5 48 52.4 57.4s32.2 9.7 56.8 43c24.6 33.2 42.7 54.9 44.5 60.3s.7 17.3-10.5 28.5zm-9.9-17.9c0-4.4-3.6-8-8-8s-8 3.6-8 8 3.6 8 8 8 8-3.6 8-8z\"><\/path><\/svg><\/div><\/div><div class=\"uagb-ifb-title-wrap\"><h3 class=\"uagb-ifb-title\"><strong>Piackutat\u00e1s<\/strong><\/h3><\/div><p class=\"uagb-ifb-desc\">Versenyt\u00e1rsak vagy c\u00e9lcsoport inform\u00e1ci\u00f3inak gy\u0171jt\u00e9se \u00e9s elemz\u00e9se<br>Potenci\u00e1lis partnerek \u00e9s kapcsolatok felkutat\u00e1sa a helyi piacokon<br><br><br><\/p><\/div><\/div>\n<\/div>\n\n\n\n<div class=\"wp-block-uagb-container uagb-block-f77caee9\">\n<div class=\"wp-block-uagb-info-box uagb-block-e39537e3 uagb-infobox__content-wrap  uagb-infobox-icon-above-title uagb-infobox-image-valign-top\"><div class=\"uagb-ifb-content\"><div class=\"uagb-ifb-icon-wrap\"><div class=\"uagb-iconbox-icon-wrap uagb-infobox-shape-circle\"><svg xmlns=\"https:\/\/www.w3.org\/2000\/svg\" viewbox=\"0 0 576 512\"><path d=\"M482.3 192C516.5 192 576 221 576 256C576 292 516.5 320 482.3 320H365.7L265.2 495.9C259.5 505.8 248.9 512 237.4 512H181.2C170.6 512 162.9 501.8 165.8 491.6L214.9 320H112L68.8 377.6C65.78 381.6 61.04 384 56 384H14.03C6.284 384 0 377.7 0 369.1C0 368.7 .1818 367.4 .5398 366.1L32 256L.5398 145.9C.1818 144.6 0 143.3 0 142C0 134.3 6.284 128 14.03 128H56C61.04 128 65.78 130.4 68.8 134.4L112 192H214.9L165.8 20.4C162.9 10.17 170.6 0 181.2 0H237.4C248.9 0 259.5 6.153 265.2 16.12L365.7 192H482.3z\"><\/path><\/svg><\/div><\/div><div class=\"uagb-ifb-title-wrap\"><h3 class=\"uagb-ifb-title\"><strong>Turizmus- \u00e9s rendezv\u00e9nyszervez\u00e9si t\u00e1mogat\u00e1s<\/strong><\/h3><\/div><p class=\"uagb-ifb-desc\">V\u00e1llalati utaz\u00e1sok, rendezv\u00e9nyek \u00e9s csapat\u00e9p\u00edt\u0151k szervez\u00e9se<br>Seg\u00edts\u00e9g a foglal\u00e1sokban \u00e9s a helyi szolg\u00e1ltat\u00f3kkal val\u00f3 kommunik\u00e1ci\u00f3ban<br>Itiner k\u00e9sz\u00edt\u00e9se \u00e9s szervez\u00e9si biztos\u00edt\u00e1s a c\u00e9lorsz\u00e1gokban<\/p><\/div><\/div>\n<\/div>\n\n\n\n<div data-aos= \"zoom-out-down\" data-aos-duration=\"400\" data-aos-delay=\"0\" data-aos-easing=\"ease\" data-aos-once=\"true\" class=\"wp-block-uagb-image aligncenter uagb-block-749a4322 wp-block-uagb-image--layout-default wp-block-uagb-image--effect-static wp-block-uagb-image--align-center\"><figure class=\"wp-block-uagb-image__figure\"><img decoding=\"async\" srcset=\"https:\/\/www.andyva.com\/wp-content\/uploads\/2025\/09\/hello-world-featured-scaled.jpg ,https:\/\/www.andyva.com\/wp-content\/uploads\/2025\/09\/hello-world-featured-scaled.jpg 780w, https:\/\/www.andyva.com\/wp-content\/uploads\/2025\/09\/hello-world-featured-scaled.jpg 360w\" sizes=\"auto, (max-width: 480px) 150px\" src=\"https:\/\/www.andyva.com\/wp-content\/uploads\/2025\/09\/hello-world-featured-scaled.jpg\" alt=\"\" class=\"uag-image-40\" width=\"2560\" height=\"1707\" title=\"\" loading=\"lazy\" role=\"presentation\"\/><\/figure><\/div>\n<\/div><\/div>","protected":false},"excerpt":{"rendered":"<p>Preh\u013ead slu\u017eieb Objavte profesion\u00e1lne administrat\u00edvne a klientske rie\u0161enia, ktor\u00e9 zefekt\u00edvnia va\u0161e podnikanie a u\u0161etria v\u00e1m \u010das. Administrat\u00edvna podpora Komplexn\u00e9 spracovanie [&hellip;]<\/p>","protected":false},"author":1,"featured_media":0,"parent":0,"menu_order":3,"comment_status":"closed","ping_status":"closed","template":"","meta":{"_uag_custom_page_level_css":"","site-sidebar-layout":"default","site-content-layout":"","ast-site-content-layout":"default","site-content-style":"default","site-sidebar-style":"default","ast-global-header-display":"","ast-banner-title-visibility":"","ast-main-header-display":"","ast-hfb-above-header-display":"","ast-hfb-below-header-display":"","ast-hfb-mobile-header-display":"","site-post-title":"disabled","ast-breadcrumbs-content":"","ast-featured-img":"","footer-sml-layout":"","theme-transparent-header-meta":"","adv-header-id-meta":"","stick-header-meta":"","header-above-stick-meta":"","header-main-stick-meta":"","header-below-stick-meta":"","astra-migrate-meta-layouts":"default","ast-page-background-enabled":"default","ast-page-background-meta":{"desktop":{"background-color":"var(--ast-global-color-5)","background-image":"","background-repeat":"repeat","background-position":"center center","background-size":"auto","background-attachment":"scroll","background-type":"","background-media":"","overlay-type":"","overlay-color":"","overlay-opacity":"","overlay-gradient":""},"tablet":{"background-color":"","background-image":"","background-repeat":"repeat","background-position":"center center","background-size":"auto","background-attachment":"scroll","background-type":"","background-media":"","overlay-type":"","overlay-color":"","overlay-opacity":"","overlay-gradient":""},"mobile":{"background-color":"","background-image":"","background-repeat":"repeat","background-position":"center center","background-size":"auto","background-attachment":"scroll","background-type":"","background-media":"","overlay-type":"","overlay-color":"","overlay-opacity":"","overlay-gradient":""}},"ast-content-background-meta":{"desktop":{"background-color":"var(--ast-global-color-4)","background-image":"","background-repeat":"repeat","background-position":"center center","background-size":"auto","background-attachment":"scroll","background-type":"","background-media":"","overlay-type":"","overlay-color":"","overlay-opacity":"","overlay-gradient":""},"tablet":{"background-color":"var(--ast-global-color-4)","background-image":"","background-repeat":"repeat","background-position":"center center","background-size":"auto","background-attachment":"scroll","background-type":"","background-media":"","overlay-type":"","overlay-color":"","overlay-opacity":"","overlay-gradient":""},"mobile":{"background-color":"var(--ast-global-color-4)","background-image":"","background-repeat":"repeat","background-position":"center center","background-size":"auto","background-attachment":"scroll","background-type":"","background-media":"","overlay-type":"","overlay-color":"","overlay-opacity":"","overlay-gradient":""}},"footnotes":""},"class_list":["post-35","page","type-page","status-publish","hentry"],"aioseo_notices":[],"uagb_featured_image_src":{"full":false,"thumbnail":false,"medium":false,"medium_large":false,"large":false,"1536x1536":false,"2048x2048":false,"trp-custom-language-flag":false},"uagb_author_info":{"display_name":"andyva","author_link":"https:\/\/www.andyva.com\/hu\/author\/andyva\/"},"uagb_comment_info":0,"uagb_excerpt":"Preh\u013ead slu\u017eieb Objavte profesion\u00e1lne administrat\u00edvne a klientske rie\u0161enia, ktor\u00e9 zefekt\u00edvnia va\u0161e podnikanie a u\u0161etria v\u00e1m \u010das. Administrat\u00edvna podpora Komplexn\u00e9 spracovanie [&hellip;]","_links":{"self":[{"href":"https:\/\/www.andyva.com\/hu\/wp-json\/wp\/v2\/pages\/35","targetHints":{"allow":["GET"]}}],"collection":[{"href":"https:\/\/www.andyva.com\/hu\/wp-json\/wp\/v2\/pages"}],"about":[{"href":"https:\/\/www.andyva.com\/hu\/wp-json\/wp\/v2\/types\/page"}],"author":[{"embeddable":true,"href":"https:\/\/www.andyva.com\/hu\/wp-json\/wp\/v2\/users\/1"}],"replies":[{"embeddable":true,"href":"https:\/\/www.andyva.com\/hu\/wp-json\/wp\/v2\/comments?post=35"}],"version-history":[{"count":21,"href":"https:\/\/www.andyva.com\/hu\/wp-json\/wp\/v2\/pages\/35\/revisions"}],"predecessor-version":[{"id":702,"href":"https:\/\/www.andyva.com\/hu\/wp-json\/wp\/v2\/pages\/35\/revisions\/702"}],"wp:attachment":[{"href":"https:\/\/www.andyva.com\/hu\/wp-json\/wp\/v2\/media?parent=35"}],"curies":[{"name":"wp","href":"https:\/\/api.w.org\/{rel}","templated":true}]}}