{"id":3,"date":"2025-09-25T14:19:20","date_gmt":"2025-09-25T12:19:20","guid":{"rendered":"https:\/\/www.andyva.com\/?page_id=3"},"modified":"2025-10-09T12:33:19","modified_gmt":"2025-10-09T10:33:19","slug":"ochrana-sukromia","status":"publish","type":"page","link":"https:\/\/www.andyva.com\/hu\/ochrana-sukromia\/","title":{"rendered":"Z\u00e1sady ochrany osobn\u00fdch \u00fadajov"},"content":{"rendered":"<p>Z\u00e1sady ochrany osobn\u00fdch \u00fadajov<br>1. Prev\u00e1dzkovate\u013e<br>Prev\u00e1dzkovate\u013eom osobn\u00fdch \u00fadajov je:<br><strong>Mgr. Andrea Dzurjakov\u00e1<\/strong><br>Virtu\u00e1lis asszisztens<br>E-mail:&nbsp;<a>andreadzurjakova@gmail.com<\/a><br>Web: www.andyva.com<br>Prev\u00e1dzkovate\u013e sprac\u00fava osobn\u00e9 \u00fadaje v s\u00falade s nariaden\u00edm (E\u00da) 2016\/679 (GDPR) a z\u00e1konom \u010d. 18\/2018 Z. z. o ochrane osobn\u00fdch \u00fadajov.<\/p>\n\n\n\n<p>2. Ak\u00e9 \u00fadaje sprac\u00favam<br>Na tejto webovej str\u00e1nke sa sprac\u00favaj\u00fa iba \u00fadaje, ktor\u00e9 dobrovo\u013ene poskytnete prostredn\u00edctvom&nbsp;<strong>kontaktn\u00e9ho formul\u00e1ra<\/strong>, konkr\u00e9tne:<br>meno (ak ho uvediete),<br>e-mailov\u00e1 adresa,<br>text va\u0161ej spr\u00e1vy.<br>Tieto \u00fadaje s\u00fa nevyhnutn\u00e9 na vybavenie va\u0161ej po\u017eiadavky alebo ot\u00e1zky.<\/p>\n\n\n\n<p>3. \u00da\u010del spracovania osobn\u00fdch \u00fadajov<br>Va\u0161e osobn\u00e9 \u00fadaje sprac\u00favam v\u00fdhradne na \u00fa\u010del:<br>vybavenia va\u0161ej spr\u00e1vy alebo dopytu odoslan\u00e9ho prostredn\u00edctvom kontaktn\u00e9ho formul\u00e1ra,<br>n\u00e1slednej komunik\u00e1cie t\u00fdkaj\u00facej sa va\u0161ej po\u017eiadavky.<\/p>\n\n\n\n<p>4. Pr\u00e1vny z\u00e1klad spracovania<br>Spracovanie osobn\u00fdch \u00fadajov prebieha na z\u00e1klade:<br><strong>v\u00e1\u0161ho s\u00fahlasu<\/strong>&nbsp;(ktor\u00fd vyjadrujete odoslan\u00edm formul\u00e1ra).<\/p>\n\n\n\n<p>5. Komu s\u00fa \u00fadaje spr\u00edstupnen\u00e9<br>Va\u0161e osobn\u00e9 \u00fadaje&nbsp;<strong>nie s\u00fa poskytovan\u00e9 \u017eiadnym tret\u00edm osob\u00e1m<\/strong>&nbsp;ani spracovate\u013eom.<br>Technick\u00fa prev\u00e1dzku webu zabezpe\u010duje len hostingov\u00e1 spolo\u010dnos\u0165, ktor\u00e1 m\u00f4\u017ee ma\u0165 pr\u00edstup k \u00fadajom v\u00fdlu\u010dne za \u00fa\u010delom \u00fadr\u017eby webu a v s\u00falade s GDPR.<\/p>\n\n\n\n<p>6. Doba uchov\u00e1vania \u00fadajov<br>Osobn\u00e9 \u00fadaje z\u00edskan\u00e9 cez kontaktn\u00fd formul\u00e1r s\u00fa uchov\u00e1van\u00e9 najviac&nbsp;<strong>12 mesiacov<\/strong>&nbsp;od doru\u010denia spr\u00e1vy, alebo do momentu vybavenia va\u0161ej po\u017eiadavky, pod\u013ea toho, \u010do nastane sk\u00f4r.<br>Po uplynut\u00ed tejto doby s\u00fa \u00fadaje trvalo vymazan\u00e9.<\/p>\n\n\n\n<p>7. Va\u0161e pr\u00e1va<br>M\u00e1te pr\u00e1vo:<br>po\u017eiada\u0165 o pr\u00edstup k svojim osobn\u00fdm \u00fadajom,<br>po\u017eiada\u0165 o opravu alebo v\u00fdmaz osobn\u00fdch \u00fadajov,<br>obmedzi\u0165 ich spracovanie,<br>odvola\u0165 svoj s\u00fahlas,<br>poda\u0165 s\u0165a\u017enos\u0165 na \u00darad na ochranu osobn\u00fdch \u00fadajov SR.<br>V\u0161etky \u017eiadosti m\u00f4\u017eete posla\u0165 e-mailom na adresu:&nbsp;<strong><a>andreadzurjakova@gmail.com<\/a><\/strong><\/p>\n\n\n\n<p><\/p>","protected":false},"excerpt":{"rendered":"<p>Z\u00e1sady ochrany osobn\u00fdch \u00fadajov1. Prev\u00e1dzkovate\u013ePrev\u00e1dzkovate\u013eom osobn\u00fdch \u00fadajov je:Mgr. Andrea Dzurjakov\u00e1Virtu\u00e1lna asistentkaE-mail:&nbsp;andreadzurjakova@gmail.comWeb: www.andyva.comPrev\u00e1dzkovate\u013e sprac\u00fava osobn\u00e9 \u00fadaje v s\u00falade s nariaden\u00edm (E\u00da) [&hellip;]<\/p>","protected":false},"author":1,"featured_media":0,"parent":0,"menu_order":0,"comment_status":"closed","ping_status":"closed","template":"","meta":{"_uag_custom_page_level_css":"","site-sidebar-layout":"default","site-content-layout":"","ast-site-content-layout":"default","site-content-style":"default","site-sidebar-style":"default","ast-global-header-display":"","ast-banner-title-visibility":"","ast-main-header-display":"","ast-hfb-above-header-display":"","ast-hfb-below-header-display":"","ast-hfb-mobile-header-display":"","site-post-title":"","ast-breadcrumbs-content":"","ast-featured-img":"","footer-sml-layout":"","theme-transparent-header-meta":"","adv-header-id-meta":"","stick-header-meta":"","header-above-stick-meta":"","header-main-stick-meta":"","header-below-stick-meta":"","astra-migrate-meta-layouts":"default","ast-page-background-enabled":"default","ast-page-background-meta":{"desktop":{"background-color":"var(--ast-global-color-5)","background-image":"","background-repeat":"repeat","background-position":"center center","background-size":"auto","background-attachment":"scroll","background-type":"","background-media":"","overlay-type":"","overlay-color":"","overlay-opacity":"","overlay-gradient":""},"tablet":{"background-color":"","background-image":"","background-repeat":"repeat","background-position":"center center","background-size":"auto","background-attachment":"scroll","background-type":"","background-media":"","overlay-type":"","overlay-color":"","overlay-opacity":"","overlay-gradient":""},"mobile":{"background-color":"","background-image":"","background-repeat":"repeat","background-position":"center center","background-size":"auto","background-attachment":"scroll","background-type":"","background-media":"","overlay-type":"","overlay-color":"","overlay-opacity":"","overlay-gradient":""}},"ast-content-background-meta":{"desktop":{"background-color":"var(--ast-global-color-4)","background-image":"","background-repeat":"repeat","background-position":"center center","background-size":"auto","background-attachment":"scroll","background-type":"","background-media":"","overlay-type":"","overlay-color":"","overlay-opacity":"","overlay-gradient":""},"tablet":{"background-color":"var(--ast-global-color-4)","background-image":"","background-repeat":"repeat","background-position":"center center","background-size":"auto","background-attachment":"scroll","background-type":"","background-media":"","overlay-type":"","overlay-color":"","overlay-opacity":"","overlay-gradient":""},"mobile":{"background-color":"var(--ast-global-color-4)","background-image":"","background-repeat":"repeat","background-position":"center center","background-size":"auto","background-attachment":"scroll","background-type":"","background-media":"","overlay-type":"","overlay-color":"","overlay-opacity":"","overlay-gradient":""}},"footnotes":""},"class_list":["post-3","page","type-page","status-publish","hentry"],"aioseo_notices":[],"uagb_featured_image_src":{"full":false,"thumbnail":false,"medium":false,"medium_large":false,"large":false,"1536x1536":false,"2048x2048":false,"trp-custom-language-flag":false},"uagb_author_info":{"display_name":"andyva","author_link":"https:\/\/www.andyva.com\/hu\/author\/andyva\/"},"uagb_comment_info":0,"uagb_excerpt":"Z\u00e1sady ochrany osobn\u00fdch \u00fadajov1. Prev\u00e1dzkovate\u013ePrev\u00e1dzkovate\u013eom osobn\u00fdch \u00fadajov je:Mgr. Andrea Dzurjakov\u00e1Virtu\u00e1lna asistentkaE-mail:&nbsp;andreadzurjakova@gmail.comWeb: www.andyva.comPrev\u00e1dzkovate\u013e sprac\u00fava osobn\u00e9 \u00fadaje v s\u00falade s nariaden\u00edm (E\u00da) [&hellip;]","_links":{"self":[{"href":"https:\/\/www.andyva.com\/hu\/wp-json\/wp\/v2\/pages\/3","targetHints":{"allow":["GET"]}}],"collection":[{"href":"https:\/\/www.andyva.com\/hu\/wp-json\/wp\/v2\/pages"}],"about":[{"href":"https:\/\/www.andyva.com\/hu\/wp-json\/wp\/v2\/types\/page"}],"author":[{"embeddable":true,"href":"https:\/\/www.andyva.com\/hu\/wp-json\/wp\/v2\/users\/1"}],"replies":[{"embeddable":true,"href":"https:\/\/www.andyva.com\/hu\/wp-json\/wp\/v2\/comments?post=3"}],"version-history":[{"count":2,"href":"https:\/\/www.andyva.com\/hu\/wp-json\/wp\/v2\/pages\/3\/revisions"}],"predecessor-version":[{"id":486,"href":"https:\/\/www.andyva.com\/hu\/wp-json\/wp\/v2\/pages\/3\/revisions\/486"}],"wp:attachment":[{"href":"https:\/\/www.andyva.com\/hu\/wp-json\/wp\/v2\/media?parent=3"}],"curies":[{"name":"wp","href":"https:\/\/api.w.org\/{rel}","templated":true}]}}